{"id":156,"date":"2014-02-13T23:19:26","date_gmt":"2014-02-13T21:19:26","guid":{"rendered":"http:\/\/eks-maintal.de\/cms\/?page_id=156"},"modified":"2014-05-13T19:06:46","modified_gmt":"2014-05-13T17:06:46","slug":"franzoesisch","status":"publish","type":"page","link":"https:\/\/eks-maintal.de\/cms\/franzoesisch\/","title":{"rendered":"Franz\u00f6sisch"},"content":{"rendered":"<p><b>Franz\u00f6sisch lernen in der EKS<a href=\"https:\/\/eks-maintal.de\/cms\/wp-content\/uploads\/2014\/05\/Eiffelturm.jpg\"><img loading=\"lazy\" decoding=\"async\" class=\"wp-image-945 alignright\" alt=\"Eiffelturm\" src=\"https:\/\/eks-maintal.de\/cms\/wp-content\/uploads\/2014\/05\/Eiffelturm-648x1024.jpg\" width=\"228\" height=\"359\" \/><\/a><\/b><\/p>\n<p><span style=\"text-decoration: underline;\">Voraussetzungen:<\/span><\/p>\n<ul class=\"check\">\n<li>du bist mindestens in der Klasse 7<\/li>\n<li>dir macht es Spa\u00df eine Fremdsprache zu lernen<\/li>\n<li>du interessierst dich f\u00fcr Frankreich, seine Sprache und Kultur<\/li>\n<\/ul>\n<p><span style=\"text-decoration: underline; font-size: 12px;\">Im Franz\u00f6sischunterricht wirst du:<\/span><\/p>\n<ul class=\"check\">\n<li>Franz\u00f6sisch sprechen, lesen und schreiben lernen<\/li>\n<li>die franz\u00f6sische K\u00fcche kennenlernen und typische Speisen probieren<\/li>\n<li>das franz\u00f6sische Filmfestival Cin\u00e9f\u00eate besuchen<\/li>\n<li>franz\u00f6sische Musik h\u00f6ren<\/li>\n<li>und und und &#8230;<\/li>\n<\/ul>\n<p>F\u00fcr Informationen zur Parisfahrt klicken Sie bitte auf den Button <a class=\"button small blue\" href=\"https:\/\/eks-maintal.de\/cms\/wp-content\/uploads\/2014\/03\/Parisfahrt.pdf\" target=\"_blank\">Parisfahrt<\/a><\/p>","protected":false},"excerpt":{"rendered":"<p>Franz\u00f6sisch lernen in der EKS Voraussetzungen: du bist mindestens in der Klasse 7 dir macht es Spa\u00df eine Fremdsprache zu lernen du interessierst dich f\u00fcr Frankreich, seine Sprache und Kultur Im Franz\u00f6sischunterricht wirst du: Franz\u00f6sisch sprechen, lesen und schreiben lernen die franz\u00f6sische K\u00fcche kennenlernen und typische Speisen probieren das franz\u00f6sische Filmfestival Cin\u00e9f\u00eate besuchen franz\u00f6sische Musik [&hellip;]<\/p>\n","protected":false},"author":2,"featured_media":0,"parent":0,"menu_order":0,"comment_status":"closed","ping_status":"closed","template":"","meta":{"footnotes":""},"class_list":["post-156","page","type-page","status-publish","hentry"],"rttpg_featured_image_url":null,"rttpg_author":{"display_name":"admin","author_link":"https:\/\/eks-maintal.de\/cms\/author\/b-jovanovic\/"},"rttpg_comment":0,"rttpg_category":null,"rttpg_excerpt":"Franz\u00f6sisch lernen in der EKS Voraussetzungen: du bist mindestens in der Klasse 7 dir macht es Spa\u00df eine Fremdsprache zu lernen du interessierst dich f\u00fcr Frankreich, seine Sprache und Kultur Im Franz\u00f6sischunterricht wirst du: Franz\u00f6sisch sprechen, lesen und schreiben lernen die franz\u00f6sische K\u00fcche kennenlernen und typische Speisen probieren das franz\u00f6sische Filmfestival Cin\u00e9f\u00eate besuchen franz\u00f6sische Musik&hellip;","_links":{"self":[{"href":"https:\/\/eks-maintal.de\/cms\/wp-json\/wp\/v2\/pages\/156","targetHints":{"allow":["GET"]}}],"collection":[{"href":"https:\/\/eks-maintal.de\/cms\/wp-json\/wp\/v2\/pages"}],"about":[{"href":"https:\/\/eks-maintal.de\/cms\/wp-json\/wp\/v2\/types\/page"}],"author":[{"embeddable":true,"href":"https:\/\/eks-maintal.de\/cms\/wp-json\/wp\/v2\/users\/2"}],"replies":[{"embeddable":true,"href":"https:\/\/eks-maintal.de\/cms\/wp-json\/wp\/v2\/comments?post=156"}],"version-history":[{"count":8,"href":"https:\/\/eks-maintal.de\/cms\/wp-json\/wp\/v2\/pages\/156\/revisions"}],"predecessor-version":[{"id":946,"href":"https:\/\/eks-maintal.de\/cms\/wp-json\/wp\/v2\/pages\/156\/revisions\/946"}],"wp:attachment":[{"href":"https:\/\/eks-maintal.de\/cms\/wp-json\/wp\/v2\/media?parent=156"}],"curies":[{"name":"wp","href":"https:\/\/api.w.org\/{rel}","templated":true}]}}