{"id":163,"date":"2014-02-16T22:16:58","date_gmt":"2014-02-16T20:16:58","guid":{"rendered":"http:\/\/eks-maintal.de\/cms\/?page_id=163"},"modified":"2017-11-03T14:07:06","modified_gmt":"2017-11-03T12:07:06","slug":"praevention-im-team","status":"publish","type":"page","link":"https:\/\/eks-maintal.de\/cms\/praevention-im-team\/","title":{"rendered":"Pr\u00e4ventionsprogramm Jahrgang 7"},"content":{"rendered":"<p style=\"text-align: justify;\">Im Mittelpunkt der Pr\u00e4vention im Jahrgang 7 stehen zwei Elemente, die unabdingbar zusammengeh\u00f6ren:<\/p>\n<p style=\"text-align: justify;\"><b>Teambildung von Schule und Jugendhilfe<\/b><\/p>\n<p style=\"text-align: justify;\">Diese beiden Bereiche werden durch zwei Lehrerinnen unserer Schule und zwei Mitarbeitern der Jugendhilfe des Bischofsheimer JUZ abgedeckt. Die<b> <\/b>Sch\u00fclerinnen und Sch\u00fcler des 7. Jahrgangs<b> <\/b>durchlaufen mehrere Einheiten, in denen sie lernen, wie sie aus Konfliktsituationen gewaltfrei herauskommen bzw. erst gar nicht hinein kommen. In Rollenspielen werden Alltagssituationen durchgespielt in denen die Sch\u00fclerinnen und Sch\u00fcler lernen, wie man Hilfe sinnvoll einfordert. Au\u00dferdem lernen sie auch das richtige Helferverhalten.<\/p>\n<p style=\"text-align: justify;\">Erkl\u00e4rtes Ziel des Programms ist es, das soziale Klima in den Klassen zu verbessern, den Jugendlichen konstruktive Konfliktl\u00f6sungsm\u00f6glichkeiten an die Hand zu geben, die soziale Kompetenz der Sch\u00fclerinnen und Sch\u00fcler, ihr Wertebewusstsein und ihre Verantwortung f\u00fcr gef\u00e4hrdete Mitsch\u00fclerinnen und Mitsch\u00fcler zu st\u00e4rken sowie ihre Zivilcourage zu f\u00f6rdern.<\/p>\n<div class=\"frame slider\"><div class=\"flexslider shortcode\"><ul class=\"slides\"><li><img decoding=\"async\" src=\"https:\/\/eks-maintal.de\/cms\/wp-content\/uploads\/2014\/02\/IMG_5281-650x300.jpg\" alt=\"Pr\u00e4ventionsgruppe1\" \/><\/li>\n<li><img decoding=\"async\" src=\"https:\/\/eks-maintal.de\/cms\/wp-content\/uploads\/2014\/02\/IMG_5287-650x300.jpg\" alt=\"Pr\u00e4ventionsgruppe2\" \/><\/li>\n<li><img decoding=\"async\" src=\"https:\/\/eks-maintal.de\/cms\/wp-content\/uploads\/2014\/02\/IMG_5291-650x300.jpg\" alt=\"Pr\u00e4ventionsteam\" \/><\/li><\/ul> <\/div><\/div>\n<p style=\"text-align: justify;\">","protected":false},"excerpt":{"rendered":"<p>Im Mittelpunkt der Pr\u00e4vention im Jahrgang 7 stehen zwei Elemente, die unabdingbar zusammengeh\u00f6ren: Teambildung von Schule und Jugendhilfe Diese beiden Bereiche werden durch zwei Lehrerinnen unserer Schule und zwei Mitarbeitern der Jugendhilfe des Bischofsheimer JUZ abgedeckt. Die Sch\u00fclerinnen und Sch\u00fcler des 7. Jahrgangs durchlaufen mehrere Einheiten, in denen sie lernen, wie sie aus Konfliktsituationen gewaltfrei [&hellip;]<\/p>\n","protected":false},"author":2,"featured_media":0,"parent":0,"menu_order":0,"comment_status":"closed","ping_status":"closed","template":"","meta":{"footnotes":""},"class_list":["post-163","page","type-page","status-publish","hentry"],"rttpg_featured_image_url":null,"rttpg_author":{"display_name":"admin","author_link":"https:\/\/eks-maintal.de\/cms\/author\/b-jovanovic\/"},"rttpg_comment":0,"rttpg_category":null,"rttpg_excerpt":"Im Mittelpunkt der Pr\u00e4vention im Jahrgang 7 stehen zwei Elemente, die unabdingbar zusammengeh\u00f6ren: Teambildung von Schule und Jugendhilfe Diese beiden Bereiche werden durch zwei Lehrerinnen unserer Schule und zwei Mitarbeitern der Jugendhilfe des Bischofsheimer JUZ abgedeckt. Die Sch\u00fclerinnen und Sch\u00fcler des 7. Jahrgangs durchlaufen mehrere Einheiten, in denen sie lernen, wie sie aus Konfliktsituationen gewaltfrei&hellip;","_links":{"self":[{"href":"https:\/\/eks-maintal.de\/cms\/wp-json\/wp\/v2\/pages\/163","targetHints":{"allow":["GET"]}}],"collection":[{"href":"https:\/\/eks-maintal.de\/cms\/wp-json\/wp\/v2\/pages"}],"about":[{"href":"https:\/\/eks-maintal.de\/cms\/wp-json\/wp\/v2\/types\/page"}],"author":[{"embeddable":true,"href":"https:\/\/eks-maintal.de\/cms\/wp-json\/wp\/v2\/users\/2"}],"replies":[{"embeddable":true,"href":"https:\/\/eks-maintal.de\/cms\/wp-json\/wp\/v2\/comments?post=163"}],"version-history":[{"count":9,"href":"https:\/\/eks-maintal.de\/cms\/wp-json\/wp\/v2\/pages\/163\/revisions"}],"predecessor-version":[{"id":3052,"href":"https:\/\/eks-maintal.de\/cms\/wp-json\/wp\/v2\/pages\/163\/revisions\/3052"}],"wp:attachment":[{"href":"https:\/\/eks-maintal.de\/cms\/wp-json\/wp\/v2\/media?parent=163"}],"curies":[{"name":"wp","href":"https:\/\/api.w.org\/{rel}","templated":true}]}}