{"id":166,"date":"2014-02-16T22:32:21","date_gmt":"2014-02-16T20:32:21","guid":{"rendered":"http:\/\/eks-maintal.de\/cms\/?page_id=166"},"modified":"2021-10-07T21:24:14","modified_gmt":"2021-10-07T19:24:14","slug":"ganztagsprogramm","status":"publish","type":"page","link":"https:\/\/eks-maintal.de\/cms\/ganztagsprogramm\/","title":{"rendered":"Ganztagsprogramm"},"content":{"rendered":"<h5 class=\"wp-block-heading\">Diese Seite wird derzeit \u00fcberarbeitet und wird so schnell wie m\u00f6glich aktualisiert.<\/h5>\n\n\n\n<p>Die <strong><span style=\"color: #009bdc;\">Erich <\/span><span style=\"color: #230091;\">K\u00e4stner <\/span><span style=\"color: #be0023;\">&#8211; Schule<\/span> <\/strong> bietet ein vielf\u00e4ltiges Ganztagsangebot an, das sowohl verpflichtende als auch freiwillige Elemente enth\u00e4lt. <\/p>\n\n\n\n<p>Alle F\u00fcnft- und Sechstkl\u00e4ssler nehmen einmal w\u00f6chentlich an einem verpflichtenden zweist\u00fcndigen Ganztagsangebot, der <strong>Talentwerkstatt<\/strong>, teil. Hier werden den Sch\u00fclerinnen und Sch\u00fclern in zehnw\u00f6chigen Bl\u00f6cken grundlegende Werte und Fertigkeiten vermittelt, z.B. Soziales Lernen, Textiles Werken, Gesunde Ern\u00e4hrung, Tanzen, Theater.<\/p>\n\n\n\n<p>Die Siebtkl\u00e4ssler nehmen an einem zweist\u00fcndigen\u00a0<strong>EHA-Zirkel<\/strong>\u00a0teil, hier werden folgende Schwerpunkte angeboten: Streitschlichtung, Soziales Lernen und das <a href=\"\/cms\/praevention-im-team\/\">Pr\u00e4ventionsprogramm Jahrgang 7<\/a>.<\/p>","protected":false},"excerpt":{"rendered":"<p>Diese Seite wird derzeit \u00fcberarbeitet und wird so schnell wie m\u00f6glich aktualisiert. Die Erich K\u00e4stner &#8211; Schule bietet ein vielf\u00e4ltiges Ganztagsangebot an, das sowohl verpflichtende als auch freiwillige Elemente enth\u00e4lt. Alle F\u00fcnft- und Sechstkl\u00e4ssler nehmen einmal w\u00f6chentlich an einem verpflichtenden zweist\u00fcndigen Ganztagsangebot, der Talentwerkstatt, teil. Hier werden den Sch\u00fclerinnen und Sch\u00fclern in zehnw\u00f6chigen Bl\u00f6cken grundlegende [&hellip;]<\/p>\n","protected":false},"author":2,"featured_media":0,"parent":0,"menu_order":0,"comment_status":"closed","ping_status":"closed","template":"","meta":{"footnotes":""},"class_list":["post-166","page","type-page","status-publish","hentry"],"rttpg_featured_image_url":null,"rttpg_author":{"display_name":"admin","author_link":"https:\/\/eks-maintal.de\/cms\/author\/b-jovanovic\/"},"rttpg_comment":0,"rttpg_category":null,"rttpg_excerpt":"Diese Seite wird derzeit \u00fcberarbeitet und wird so schnell wie m\u00f6glich aktualisiert. Die Erich K\u00e4stner &#8211; Schule bietet ein vielf\u00e4ltiges Ganztagsangebot an, das sowohl verpflichtende als auch freiwillige Elemente enth\u00e4lt. Alle F\u00fcnft- und Sechstkl\u00e4ssler nehmen einmal w\u00f6chentlich an einem verpflichtenden zweist\u00fcndigen Ganztagsangebot, der Talentwerkstatt, teil. Hier werden den Sch\u00fclerinnen und Sch\u00fclern in zehnw\u00f6chigen Bl\u00f6cken grundlegende&hellip;","_links":{"self":[{"href":"https:\/\/eks-maintal.de\/cms\/wp-json\/wp\/v2\/pages\/166","targetHints":{"allow":["GET"]}}],"collection":[{"href":"https:\/\/eks-maintal.de\/cms\/wp-json\/wp\/v2\/pages"}],"about":[{"href":"https:\/\/eks-maintal.de\/cms\/wp-json\/wp\/v2\/types\/page"}],"author":[{"embeddable":true,"href":"https:\/\/eks-maintal.de\/cms\/wp-json\/wp\/v2\/users\/2"}],"replies":[{"embeddable":true,"href":"https:\/\/eks-maintal.de\/cms\/wp-json\/wp\/v2\/comments?post=166"}],"version-history":[{"count":28,"href":"https:\/\/eks-maintal.de\/cms\/wp-json\/wp\/v2\/pages\/166\/revisions"}],"predecessor-version":[{"id":4588,"href":"https:\/\/eks-maintal.de\/cms\/wp-json\/wp\/v2\/pages\/166\/revisions\/4588"}],"wp:attachment":[{"href":"https:\/\/eks-maintal.de\/cms\/wp-json\/wp\/v2\/media?parent=166"}],"curies":[{"name":"wp","href":"https:\/\/api.w.org\/{rel}","templated":true}]}}