{"id":2148,"date":"2016-05-01T21:40:57","date_gmt":"2016-05-01T19:40:57","guid":{"rendered":"http:\/\/eks-maintal.de\/cms\/?page_id=2148"},"modified":"2018-01-28T21:25:59","modified_gmt":"2018-01-28T19:25:59","slug":"pusch","status":"publish","type":"page","link":"https:\/\/eks-maintal.de\/cms\/pusch\/","title":{"rendered":"PuSCH"},"content":{"rendered":"<p>F\u00fcr weitere Informationen bitte auf die Grafik klicken.<\/p>\n<div class=\"pb-wrap\">\n    <div class=\"wcp-loader\"><\/div>\n    <div><img decoding=\"async\" class=\"wcp-size-image\" style=\"display:none;\" src=\"https:\/\/eks-maintal.de\/cms\/wp-content\/uploads\/2016\/05\/PuSCH1.png\"><\/div>\n    <div class=\"flipbook\" id=\"2149\">\n    <div><img decoding=\"async\" src=\"https:\/\/eks-maintal.de\/cms\/wp-content\/uploads\/2016\/05\/PuSCH1.png\"><\/div><div><img decoding=\"async\" src=\"https:\/\/eks-maintal.de\/cms\/wp-content\/uploads\/2016\/05\/PuSCH2.png\"><\/div><div><img decoding=\"async\" src=\"https:\/\/eks-maintal.de\/cms\/wp-content\/uploads\/2016\/05\/PuSCH3.png\"><\/div><div><img decoding=\"async\" src=\"https:\/\/eks-maintal.de\/cms\/wp-content\/uploads\/2016\/05\/PuSCH4.png\"><\/div>    <\/div>\n<\/div>\n<div class=\"su-button-center\"><a href=\"https:\/\/eks-maintal.de\/cms\/wp-content\/uploads\/2016\/05\/Flyer_PuSCH.pdf\" class=\"su-button su-button-style-default\" style=\"color:#FFFFFF;background-color:#009bdc;border-color:#007cb0;border-radius:5px\" target=\"_blank\" rel=\"noopener noreferrer\"><span style=\"color:#FFFFFF;padding:0px 16px;font-size:13px;line-height:26px;border-color:#4db9e7;border-radius:5px;text-shadow:3px 3px 7px #000000\"> Flyer PuSch<small style=\"padding-bottom:6px;color:#FFFFFF\">Zum Download des Flyers im PDF Format bitte hier klicken<\/small><\/span><\/a><\/div><\/br><\/p>\n<p><strong>Ein Projekt im NaWi-Unterricht der PuSch-Klasse 9e:<\/strong><\/p>\n<p><strong>Wir \u201ekochen\u201c unsere eigene Seife!<\/strong><\/p>\n<p>Seifen waren schon im alten Griechenland und \u00c4gypten bekannt. Damals wurden die Seifen aus Tierfetten und Holz- oder Pflanzenaschen hergestellt. Doch wie man heute relativ einfach eine Naturseife herstellen kann, damit besch\u00e4ftigten wir uns im naturwissenschaftlichen Unterricht und am 22. Januar 2018 \u201ekochten\u201c wir nach einem einfachen Rezept in unserer Schulk\u00fcche unsere eigene Seife.<\/p>\n<ol>\n<li>Zuerst bereiteten wir unseren Arbeitsplatz mit allen notwendigen Materialien vor und zogen unsere Schutzkleidung an: Schutzbrille, Handschuhe und Sch\u00fcrzen.<\/li>\n<li>Danach wogen wir die ben\u00f6tigte Menge an festem Fetten ab und schmolzen das Fett in einem Topf auf dem Herd.<\/li>\n<li>Zeitgleich wurde die Natronlauge hergestellt. Dabei muss man \u00e4u\u00dferst vorsichtig sein, da sich die L\u00f6sung stark erhitzt. Die Natronlauge musste auf ca. 40\u00b0 Celsius heruntergek\u00fchlt werden.<\/li>\n<li>Sobald auch das Fett dieselbe Temperatur hat wie die Lauge, wird die Lauge langsam in das fl\u00fcssige Fett einger\u00fchrt und mit einem Mixstab werden die beiden Stoffe miteinander ca. 2 \u2013 3 Minuten kr\u00e4ftig verr\u00fchrt bis die Masse dicklich wird. Das nennt man jetzt \u201eSeifenleim\u201c.<\/li>\n<li>Bevor der Seifenleim in Beh\u00e4lter umgef\u00fcllt wird, gaben wir Duftstoffe wie Zitronella oder Vanille und Farbstoffe zu. Hier konnte jede Gruppe ihre eigenen Zutaten w\u00e4hlen.<\/li>\n<li>Nun muss der Seifenleim einen Tag ruhen, dann wird die Seife aus den Beh\u00e4lter geholt und gr\u00f6\u00dfere St\u00fccke k\u00f6nnen geschnitten werden.<\/li>\n<li>Nach 4 \u2013 6 Wochen ist der sog. Verseifungsprozess abgeschlossen und die Seife kann verwendet werden. W\u00fcrde man sich direkt nach der Herstellung damit die H\u00e4nde waschen, w\u00e4re diese Seife noch fettig und auch \u00e4tzend, da erst das komplette Fett mit der Lauge reagieren muss.<\/li>\n<\/ol>\n<p>Zu den Arbeitsschritten hier noch ein paar Bilder.<\/p>\n<div class='polaroid-gallery galleryid-2148' style='width:680px;'>\n\t\t\t<a href=\"https:\/\/eks-maintal.de\/cms\/wp-content\/uploads\/2018\/01\/Seife1-768x1024.jpg\" title=\"Seife1\" rel=\"polaroid_1211341210\" class=\"polaroid-gallery-item\"><span class=\"polaroid-gallery-image\" title=\"Seifenherstellung\" style=\"background-image: url(https:\/\/eks-maintal.de\/cms\/wp-content\/uploads\/2018\/01\/Seife1-113x150.jpg); width: 113px; height: 150px;\"><\/span><\/a>\n\t\t\t<a href=\"https:\/\/eks-maintal.de\/cms\/wp-content\/uploads\/2018\/01\/Seife4-502x1024.jpg\" title=\"Seife4\" rel=\"polaroid_1211341210\" class=\"polaroid-gallery-item\"><span class=\"polaroid-gallery-image\" title=\"Seifenherstellung\" style=\"background-image: url(https:\/\/eks-maintal.de\/cms\/wp-content\/uploads\/2018\/01\/Seife4-74x150.jpg); width: 74px; height: 150px;\"><\/span><\/a>\n\t\t\t<a href=\"https:\/\/eks-maintal.de\/cms\/wp-content\/uploads\/2018\/01\/Seife2-768x1024.jpg\" title=\"Seife2\" rel=\"polaroid_1211341210\" class=\"polaroid-gallery-item\"><span class=\"polaroid-gallery-image\" title=\"Seifenherstellung\" style=\"background-image: url(https:\/\/eks-maintal.de\/cms\/wp-content\/uploads\/2018\/01\/Seife2-113x150.jpg); width: 113px; height: 150px;\"><\/span><\/a>\n\t\t\t<a href=\"https:\/\/eks-maintal.de\/cms\/wp-content\/uploads\/2018\/01\/Seife3-768x1024.jpg\" title=\"Seife3\" rel=\"polaroid_1211341210\" class=\"polaroid-gallery-item\"><span class=\"polaroid-gallery-image\" title=\"Seifenherstellung\" style=\"background-image: url(https:\/\/eks-maintal.de\/cms\/wp-content\/uploads\/2018\/01\/Seife3-113x150.jpg); width: 113px; height: 150px;\"><\/span><\/a>\n\t\t\t<br style=\"clear: both;\" \/><\/div>\n\n<p><strong>Lernen in Werkst\u00e4tten an der Eugen-Kaiser-Schule<\/strong><\/p>\n<p>Alle Sch\u00fcler\/innen, die sich im 9. Schuljahr f\u00fcr die PuSch-Klasse (Praxis und Schule) entschieden haben, erhalten einmal pro Woche einen praxisorientierten Unterricht an der Eugen-Kaiser-Schule in Hanau. Im Laufe des Schuljahres durchlaufen die Sch\u00fcler\/innen drei verschiedene handwerkliche Bereiche, in denen sie die Schwerpunkte Landschafts- und Gartenbau, K\u00f6rperpflege \/ Friseur sowie den Bereich Gestaltung kennen lernen. Der Schwerpunkt liegt jeweils im praktischen Arbeiten, um den Sch\u00fcler\/innen Einblicke in bestimmte handwerkliche Berufe zu geben. Au\u00dferdem lernen sie Berichtshefte zu den erledigten Aufgaben zu f\u00fchren.<br \/>\nEin Fazit zum Unterricht an der Eugen-Kaiser-Schule: Alle Sch\u00fcler\/innen sind mit hoher Motivation dabei.<\/p>\n<p>Auf den angef\u00fcgten Bildern sieht man, wie die Sch\u00fcler\/innen ein Pflaster verlegten und wie sie einen weihnachtlichen Kranz binden mussten.<\/p>\n<div class='polaroid-gallery galleryid-2148' style='width:510px;'>\n\t\t\t<a href=\"https:\/\/eks-maintal.de\/cms\/wp-content\/uploads\/2018\/01\/Werkstatt2-1024x768.jpg\" title=\"Werkstatt2\" rel=\"polaroid_1039623169\" class=\"polaroid-gallery-item\"><span class=\"polaroid-gallery-image\" title=\"Floristik\" style=\"background-image: url(https:\/\/eks-maintal.de\/cms\/wp-content\/uploads\/2018\/01\/Werkstatt2-150x113.jpg); width: 150px; height: 113px;\"><\/span><\/a>\n\t\t\t<a href=\"https:\/\/eks-maintal.de\/cms\/wp-content\/uploads\/2018\/01\/Werkstatt1-1024x768.jpg\" title=\"Werkstatt1\" rel=\"polaroid_1039623169\" class=\"polaroid-gallery-item\"><span class=\"polaroid-gallery-image\" title=\"Floristik\" style=\"background-image: url(https:\/\/eks-maintal.de\/cms\/wp-content\/uploads\/2018\/01\/Werkstatt1-150x113.jpg); width: 150px; height: 113px;\"><\/span><\/a>\n\t\t\t<a href=\"https:\/\/eks-maintal.de\/cms\/wp-content\/uploads\/2018\/01\/Pflaster1-1024x768.jpg\" title=\"Pflaster1\" rel=\"polaroid_1039623169\" class=\"polaroid-gallery-item\"><span class=\"polaroid-gallery-image\" title=\"Gartenbau\" style=\"background-image: url(https:\/\/eks-maintal.de\/cms\/wp-content\/uploads\/2018\/01\/Pflaster1-150x113.jpg); width: 150px; height: 113px;\"><\/span><\/a>\n\t\t\t<br style=\"clear: both;\" \/>\n\t\t\t<a href=\"https:\/\/eks-maintal.de\/cms\/wp-content\/uploads\/2018\/01\/Pflaster3-1024x768.jpg\" title=\"Pflaster3\" rel=\"polaroid_1039623169\" class=\"polaroid-gallery-item\"><span class=\"polaroid-gallery-image\" title=\"Gartenbau\" style=\"background-image: url(https:\/\/eks-maintal.de\/cms\/wp-content\/uploads\/2018\/01\/Pflaster3-150x113.jpg); width: 150px; height: 113px;\"><\/span><\/a>\n\t\t\t<a href=\"https:\/\/eks-maintal.de\/cms\/wp-content\/uploads\/2018\/01\/Pflaster2-1024x768.jpg\" title=\"Pflaster2\" rel=\"polaroid_1039623169\" class=\"polaroid-gallery-item\"><span class=\"polaroid-gallery-image\" title=\"Gartenbau\" style=\"background-image: url(https:\/\/eks-maintal.de\/cms\/wp-content\/uploads\/2018\/01\/Pflaster2-150x113.jpg); width: 150px; height: 113px;\"><\/span><\/a>\n\t\t\t<a href=\"https:\/\/eks-maintal.de\/cms\/wp-content\/uploads\/2018\/01\/Pflaster4-768x1024.jpg\" title=\"Pflaster4\" rel=\"polaroid_1039623169\" class=\"polaroid-gallery-item\"><span class=\"polaroid-gallery-image\" title=\"Gartenbau\" style=\"background-image: url(https:\/\/eks-maintal.de\/cms\/wp-content\/uploads\/2018\/01\/Pflaster4-113x150.jpg); width: 113px; height: 150px;\"><\/span><\/a>\n\t\t\t<br style=\"clear: both;\" \/><\/div>\n\n<div class=\"su-button-center\"><a href=\"https:\/\/eks-maintal.de\/cms\/berufsorientierung-2\/\" class=\"su-button su-button-style-default\" style=\"color:#FFFFFF;background-color:#009bdc;border-color:#007cb0;border-radius:5px\" target=\"_self\"><span style=\"color:#FFFFFF;padding:0px 16px;font-size:13px;line-height:26px;border-color:#4db9e7;border-radius:5px;text-shadow:3px 3px 7px #000000\"> Zur\u00fcck zur \u00dcbersicht Berufsorientierung<small style=\"padding-bottom:6px;color:#FFFFFF\">Bitte hier klicken<\/small><\/span><\/a><\/div>","protected":false},"excerpt":{"rendered":"<p>F\u00fcr weitere Informationen bitte auf die Grafik klicken. Ein Projekt im NaWi-Unterricht der PuSch-Klasse 9e: Wir \u201ekochen\u201c unsere eigene Seife! Seifen waren schon im alten Griechenland und \u00c4gypten bekannt. Damals wurden die Seifen aus Tierfetten und Holz- oder Pflanzenaschen hergestellt. Doch wie man heute relativ einfach eine Naturseife herstellen kann, damit besch\u00e4ftigten wir uns im [&hellip;]<\/p>\n","protected":false},"author":2,"featured_media":0,"parent":0,"menu_order":0,"comment_status":"closed","ping_status":"closed","template":"","meta":{"footnotes":""},"class_list":["post-2148","page","type-page","status-publish","hentry"],"rttpg_featured_image_url":null,"rttpg_author":{"display_name":"admin","author_link":"https:\/\/eks-maintal.de\/cms\/author\/b-jovanovic\/"},"rttpg_comment":0,"rttpg_category":null,"rttpg_excerpt":"F\u00fcr weitere Informationen bitte auf die Grafik klicken. Ein Projekt im NaWi-Unterricht der PuSch-Klasse 9e: Wir \u201ekochen\u201c unsere eigene Seife! Seifen waren schon im alten Griechenland und \u00c4gypten bekannt. Damals wurden die Seifen aus Tierfetten und Holz- oder Pflanzenaschen hergestellt. Doch wie man heute relativ einfach eine Naturseife herstellen kann, damit besch\u00e4ftigten wir uns im&hellip;","_links":{"self":[{"href":"https:\/\/eks-maintal.de\/cms\/wp-json\/wp\/v2\/pages\/2148","targetHints":{"allow":["GET"]}}],"collection":[{"href":"https:\/\/eks-maintal.de\/cms\/wp-json\/wp\/v2\/pages"}],"about":[{"href":"https:\/\/eks-maintal.de\/cms\/wp-json\/wp\/v2\/types\/page"}],"author":[{"embeddable":true,"href":"https:\/\/eks-maintal.de\/cms\/wp-json\/wp\/v2\/users\/2"}],"replies":[{"embeddable":true,"href":"https:\/\/eks-maintal.de\/cms\/wp-json\/wp\/v2\/comments?post=2148"}],"version-history":[{"count":16,"href":"https:\/\/eks-maintal.de\/cms\/wp-json\/wp\/v2\/pages\/2148\/revisions"}],"predecessor-version":[{"id":3240,"href":"https:\/\/eks-maintal.de\/cms\/wp-json\/wp\/v2\/pages\/2148\/revisions\/3240"}],"wp:attachment":[{"href":"https:\/\/eks-maintal.de\/cms\/wp-json\/wp\/v2\/media?parent=2148"}],"curies":[{"name":"wp","href":"https:\/\/api.w.org\/{rel}","templated":true}]}}