{"id":312,"date":"2014-02-26T22:40:13","date_gmt":"2014-02-26T20:40:13","guid":{"rendered":"http:\/\/eks-maintal.de\/cms\/?page_id=312"},"modified":"2014-04-07T16:12:33","modified_gmt":"2014-04-07T14:12:33","slug":"mietspinde","status":"publish","type":"page","link":"https:\/\/eks-maintal.de\/cms\/mietspinde\/","title":{"rendered":"Schlie\u00dff\u00e4cher"},"content":{"rendered":"<p>Unsere Sch\u00fclerinnen und Sch\u00fcler k\u00f6nnen sich ein abschlie\u00dfbares Fach mieten. F\u00fcr weitere Informationen bitte auf das Bild klicken.<\/p>\n<div class=\"frame slider\"><div class=\"flexslider shortcode\"><ul class=\"slides\"><li><a href=\"http:\/\/www.astradirekt.de\"><img decoding=\"async\" src=\"https:\/\/eks-maintal.de\/cms\/wp-content\/uploads\/2014\/02\/Mietspinde-verkleinert-650x300.jpg\" alt=\"\" \/><\/a><\/li>\n<li><a href=\"http:\/\/www.astradirekt.de\"><img decoding=\"async\" src=\"https:\/\/eks-maintal.de\/cms\/wp-content\/uploads\/2014\/02\/Spinde-Link-650x300.png\" alt=\"\" \/><\/a><\/li><\/ul> <\/div><\/div>","protected":false},"excerpt":{"rendered":"<p>Unsere Sch\u00fclerinnen und Sch\u00fcler k\u00f6nnen sich ein abschlie\u00dfbares Fach mieten. F\u00fcr weitere Informationen bitte auf das Bild klicken.<\/p>\n","protected":false},"author":2,"featured_media":0,"parent":0,"menu_order":0,"comment_status":"closed","ping_status":"closed","template":"","meta":{"footnotes":""},"class_list":["post-312","page","type-page","status-publish","hentry"],"rttpg_featured_image_url":null,"rttpg_author":{"display_name":"admin","author_link":"https:\/\/eks-maintal.de\/cms\/author\/b-jovanovic\/"},"rttpg_comment":0,"rttpg_category":null,"rttpg_excerpt":"Unsere Sch\u00fclerinnen und Sch\u00fcler k\u00f6nnen sich ein abschlie\u00dfbares Fach mieten. F\u00fcr weitere Informationen bitte auf das Bild klicken.","_links":{"self":[{"href":"https:\/\/eks-maintal.de\/cms\/wp-json\/wp\/v2\/pages\/312","targetHints":{"allow":["GET"]}}],"collection":[{"href":"https:\/\/eks-maintal.de\/cms\/wp-json\/wp\/v2\/pages"}],"about":[{"href":"https:\/\/eks-maintal.de\/cms\/wp-json\/wp\/v2\/types\/page"}],"author":[{"embeddable":true,"href":"https:\/\/eks-maintal.de\/cms\/wp-json\/wp\/v2\/users\/2"}],"replies":[{"embeddable":true,"href":"https:\/\/eks-maintal.de\/cms\/wp-json\/wp\/v2\/comments?post=312"}],"version-history":[{"count":14,"href":"https:\/\/eks-maintal.de\/cms\/wp-json\/wp\/v2\/pages\/312\/revisions"}],"predecessor-version":[{"id":652,"href":"https:\/\/eks-maintal.de\/cms\/wp-json\/wp\/v2\/pages\/312\/revisions\/652"}],"wp:attachment":[{"href":"https:\/\/eks-maintal.de\/cms\/wp-json\/wp\/v2\/media?parent=312"}],"curies":[{"name":"wp","href":"https:\/\/api.w.org\/{rel}","templated":true}]}}