{"id":333,"date":"2014-02-28T11:50:29","date_gmt":"2014-02-28T09:50:29","guid":{"rendered":"http:\/\/eks-maintal.de\/cms\/?page_id=333"},"modified":"2024-04-17T10:04:25","modified_gmt":"2024-04-17T08:04:25","slug":"entschuldigungen","status":"publish","type":"page","link":"https:\/\/eks-maintal.de\/cms\/entschuldigungen\/","title":{"rendered":"Entschuldigungen"},"content":{"rendered":"<p><strong>Entschuldigungsregelung der Erich K\u00e4stner-Schule<\/strong><\/p>\n\n\n\n<p>Kann Ihre Tochter \/ Ihr Sohn aus Krankheitsgr\u00fcnden nicht am Unterricht teilnehmen, so sind Sie verpflichtet, die Klassenlehrerin \/ den Klassenlehrer <strong>sp\u00e4testens am dritten Tag<\/strong> der Abwesenheit Ihres Kindes dar\u00fcber zu informieren, dass es sich um eine entschuldigte Fehlzeit handelt.<\/p>\n\n\n\n<p>Bei der R\u00fcckkehr in die Schule muss die Sch\u00fclerin \/ der Sch\u00fcler eine <strong>schriftliche Entschuldigung \u00fcber die gesamte Dauer der Fehlzeit und den Grund<\/strong> (z.B. Krankheit) f\u00fcr das Fernbleiben vom Unterricht<strong> bei der Klassenlehrerin \/ dem Klassenlehrer<\/strong> vorlegen.<\/p>\n\n\n\n<p>Zum Download bitte auf das Entschuldigungsformular klicken.<\/p>\n\n\n\n<figure class=\"wp-block-image size-full\"><a href=\"https:\/\/eks-maintal.de\/cms\/wp-content\/uploads\/2024\/04\/Entschuldigungsformular_2024.pdf\"><img loading=\"lazy\" decoding=\"async\" width=\"597\" height=\"432\" src=\"https:\/\/eks-maintal.de\/cms\/wp-content\/uploads\/2024\/04\/Entschuldigungsformular_neu.jpg\" alt=\"\" class=\"wp-image-5011\"\/><\/a><\/figure>","protected":false},"excerpt":{"rendered":"<p>Entschuldigungsregelung der Erich K\u00e4stner-Schule Kann Ihre Tochter \/ Ihr Sohn aus Krankheitsgr\u00fcnden nicht am Unterricht teilnehmen, so sind Sie verpflichtet, die Klassenlehrerin \/ den Klassenlehrer sp\u00e4testens am dritten Tag der Abwesenheit Ihres Kindes dar\u00fcber zu informieren, dass es sich um eine entschuldigte Fehlzeit handelt. Bei der R\u00fcckkehr in die Schule muss die Sch\u00fclerin \/ der [&hellip;]<\/p>\n","protected":false},"author":2,"featured_media":0,"parent":0,"menu_order":0,"comment_status":"closed","ping_status":"closed","template":"","meta":{"footnotes":""},"class_list":["post-333","page","type-page","status-publish","hentry"],"rttpg_featured_image_url":null,"rttpg_author":{"display_name":"admin","author_link":"https:\/\/eks-maintal.de\/cms\/author\/b-jovanovic\/"},"rttpg_comment":0,"rttpg_category":null,"rttpg_excerpt":"Entschuldigungsregelung der Erich K\u00e4stner-Schule Kann Ihre Tochter \/ Ihr Sohn aus Krankheitsgr\u00fcnden nicht am Unterricht teilnehmen, so sind Sie verpflichtet, die Klassenlehrerin \/ den Klassenlehrer sp\u00e4testens am dritten Tag der Abwesenheit Ihres Kindes dar\u00fcber zu informieren, dass es sich um eine entschuldigte Fehlzeit handelt. Bei der R\u00fcckkehr in die Schule muss die Sch\u00fclerin \/ der&hellip;","_links":{"self":[{"href":"https:\/\/eks-maintal.de\/cms\/wp-json\/wp\/v2\/pages\/333","targetHints":{"allow":["GET"]}}],"collection":[{"href":"https:\/\/eks-maintal.de\/cms\/wp-json\/wp\/v2\/pages"}],"about":[{"href":"https:\/\/eks-maintal.de\/cms\/wp-json\/wp\/v2\/types\/page"}],"author":[{"embeddable":true,"href":"https:\/\/eks-maintal.de\/cms\/wp-json\/wp\/v2\/users\/2"}],"replies":[{"embeddable":true,"href":"https:\/\/eks-maintal.de\/cms\/wp-json\/wp\/v2\/comments?post=333"}],"version-history":[{"count":15,"href":"https:\/\/eks-maintal.de\/cms\/wp-json\/wp\/v2\/pages\/333\/revisions"}],"predecessor-version":[{"id":5012,"href":"https:\/\/eks-maintal.de\/cms\/wp-json\/wp\/v2\/pages\/333\/revisions\/5012"}],"wp:attachment":[{"href":"https:\/\/eks-maintal.de\/cms\/wp-json\/wp\/v2\/media?parent=333"}],"curies":[{"name":"wp","href":"https:\/\/api.w.org\/{rel}","templated":true}]}}