{"id":447,"date":"2014-03-19T22:59:31","date_gmt":"2014-03-19T20:59:31","guid":{"rendered":"http:\/\/eks-maintal.de\/cms\/?page_id=447"},"modified":"2015-09-20T20:32:32","modified_gmt":"2015-09-20T18:32:32","slug":"lebenskompetenz","status":"publish","type":"page","link":"https:\/\/eks-maintal.de\/cms\/lebenskompetenz\/","title":{"rendered":"Lebenskompetenz"},"content":{"rendered":"<p><strong>Lebenskompetenz erweitern an der <strong><span style=\"color: #009bdc;\">E<\/span><span style=\"color: #230091;\">K<\/span><span style=\"color: #be0023;\">S<\/span> <\/strong><\/strong><\/p>\n<p style=\"text-align: justify;\"><img loading=\"lazy\" decoding=\"async\" class=\"aligncenter  wp-image-965\" src=\"https:\/\/eks-maintal.de\/cms\/wp-content\/uploads\/2014\/05\/Lebenskompetenz.png\" alt=\"Lebenskompetenz\" width=\"625\" height=\"381\" \/>Kontakt- und Beziehungsf\u00e4higkeit, Konflikt- und Frustrationstoleranz, Selbstwertgef\u00fchl und Selbstvertrauen, Selbst\u00e4ndigkeit und Selbstverantwortung sind wichtig f\u00fcr die Entwicklung von jungen Menschen. Um diese wichtigen Lebenskompetenzen zu st\u00e4rken, gibt es verschiedene Bausteine, die jede Sch\u00fclerin und jeder Sch\u00fcler in seiner Schullaufbahn an der <strong><span style=\"color: #009bdc;\">E<\/span><span style=\"color: #230091;\">K<\/span><span style=\"color: #be0023;\">S<\/span> <\/strong> durchlaufen wird:<\/p>\n<div class=\"frame slider\"><div class=\"flexslider shortcode\"><ul class=\"slides\"><li><img decoding=\"async\" src=\"https:\/\/eks-maintal.de\/cms\/wp-content\/uploads\/2014\/05\/Jahrgang-5.png\"  alt=\"\" \/><\/li>\n<li><img decoding=\"async\" src=\"https:\/\/eks-maintal.de\/cms\/wp-content\/uploads\/2015\/09\/Jahrgang-6-neu.png\"  alt=\"\" \/><\/li>\n<li><img decoding=\"async\" src=\"https:\/\/eks-maintal.de\/cms\/wp-content\/uploads\/2014\/05\/Jahrgang-7.png\"  alt=\"\" \/><\/li>\n<li><img decoding=\"async\" src=\"https:\/\/eks-maintal.de\/cms\/wp-content\/uploads\/2014\/05\/Jahrgang-8.png\"  alt=\"\" \/><\/li>\n<li><img decoding=\"async\" src=\"https:\/\/eks-maintal.de\/cms\/wp-content\/uploads\/2014\/05\/Jahrgang-9.png\"  alt=\"\" \/><\/li>\n<li><img decoding=\"async\" src=\"https:\/\/eks-maintal.de\/cms\/wp-content\/uploads\/2015\/09\/Jahrgang-10-neu.png\"  alt=\"\" \/><\/li><\/ul> <\/div><\/div> <em>Zum Durchklicken der einzelnen Jahrgangsstufen bitte auf die kleinen grauen K\u00e4stchen rechts unten im Bild klicken<\/em><\/p>\n<p>&nbsp;<\/p>\n<p>&nbsp;<\/p>\n<p>&nbsp;<\/p>","protected":false},"excerpt":{"rendered":"<p>Lebenskompetenz erweitern an der EKS Kontakt- und Beziehungsf\u00e4higkeit, Konflikt- und Frustrationstoleranz, Selbstwertgef\u00fchl und Selbstvertrauen, Selbst\u00e4ndigkeit und Selbstverantwortung sind wichtig f\u00fcr die Entwicklung von jungen Menschen. Um diese wichtigen Lebenskompetenzen zu st\u00e4rken, gibt es verschiedene Bausteine, die jede Sch\u00fclerin und jeder Sch\u00fcler in seiner Schullaufbahn an der EKS durchlaufen wird: Zum Durchklicken der einzelnen Jahrgangsstufen bitte [&hellip;]<\/p>\n","protected":false},"author":2,"featured_media":0,"parent":0,"menu_order":0,"comment_status":"closed","ping_status":"closed","template":"","meta":{"footnotes":""},"class_list":["post-447","page","type-page","status-publish","hentry"],"rttpg_featured_image_url":null,"rttpg_author":{"display_name":"admin","author_link":"https:\/\/eks-maintal.de\/cms\/author\/b-jovanovic\/"},"rttpg_comment":0,"rttpg_category":null,"rttpg_excerpt":"Lebenskompetenz erweitern an der EKS Kontakt- und Beziehungsf\u00e4higkeit, Konflikt- und Frustrationstoleranz, Selbstwertgef\u00fchl und Selbstvertrauen, Selbst\u00e4ndigkeit und Selbstverantwortung sind wichtig f\u00fcr die Entwicklung von jungen Menschen. Um diese wichtigen Lebenskompetenzen zu st\u00e4rken, gibt es verschiedene Bausteine, die jede Sch\u00fclerin und jeder Sch\u00fcler in seiner Schullaufbahn an der EKS durchlaufen wird: Zum Durchklicken der einzelnen Jahrgangsstufen bitte&hellip;","_links":{"self":[{"href":"https:\/\/eks-maintal.de\/cms\/wp-json\/wp\/v2\/pages\/447","targetHints":{"allow":["GET"]}}],"collection":[{"href":"https:\/\/eks-maintal.de\/cms\/wp-json\/wp\/v2\/pages"}],"about":[{"href":"https:\/\/eks-maintal.de\/cms\/wp-json\/wp\/v2\/types\/page"}],"author":[{"embeddable":true,"href":"https:\/\/eks-maintal.de\/cms\/wp-json\/wp\/v2\/users\/2"}],"replies":[{"embeddable":true,"href":"https:\/\/eks-maintal.de\/cms\/wp-json\/wp\/v2\/comments?post=447"}],"version-history":[{"count":9,"href":"https:\/\/eks-maintal.de\/cms\/wp-json\/wp\/v2\/pages\/447\/revisions"}],"predecessor-version":[{"id":1941,"href":"https:\/\/eks-maintal.de\/cms\/wp-json\/wp\/v2\/pages\/447\/revisions\/1941"}],"wp:attachment":[{"href":"https:\/\/eks-maintal.de\/cms\/wp-json\/wp\/v2\/media?parent=447"}],"curies":[{"name":"wp","href":"https:\/\/api.w.org\/{rel}","templated":true}]}}