{"id":4578,"date":"2021-10-07T14:22:46","date_gmt":"2021-10-07T12:22:46","guid":{"rendered":"https:\/\/eks-maintal.de\/cms\/?page_id=4578"},"modified":"2022-10-11T14:10:27","modified_gmt":"2022-10-11T12:10:27","slug":"hausaufgabenbetreuung","status":"publish","type":"page","link":"https:\/\/eks-maintal.de\/cms\/hausaufgabenbetreuung\/","title":{"rendered":"Hausaufgabenhilfe"},"content":{"rendered":"<p>Wir bieten euch eine offene, t\u00e4gliche Hausaufgabenhilfe an. Ihr k\u00f6nnt ohne Einwahl einfach vorbei kommen &#8211; unsere Kursleiterinnen freuen sich darauf, euch beim Lernen zu unterst\u00fctzen! Nehmt dieses Angebot bitte zahlreich wahr!<\/p>\n\n\n\n<p>Wann?           <strong>13:50 Uhr &#8211; 15:20 Uhr<\/strong> (Ausnahme: B-Woche mittwochs bereits ab <strong>13:05 Uhr &#8211; 14:35 Uhr<\/strong>)<\/p>\n\n\n\n<p>Wo?               <strong>Raum 6<\/strong><\/p>\n\n\n\n<p>Eine feste Anmeldung ist ebenfalls m\u00f6glich &#8211; nach Einwahl ist die Teilnahme an der Hausaufgabenhilfe verpflichtend.<\/p>","protected":false},"excerpt":{"rendered":"<p>Wir bieten euch eine offene, t\u00e4gliche Hausaufgabenhilfe an. Ihr k\u00f6nnt ohne Einwahl einfach vorbei kommen &#8211; unsere Kursleiterinnen freuen sich darauf, euch beim Lernen zu unterst\u00fctzen! Nehmt dieses Angebot bitte zahlreich wahr! Wann? 13:50 Uhr &#8211; 15:20 Uhr (Ausnahme: B-Woche mittwochs bereits ab 13:05 Uhr &#8211; 14:35 Uhr) Wo? Raum 6 Eine feste Anmeldung ist [&hellip;]<\/p>\n","protected":false},"author":2,"featured_media":0,"parent":0,"menu_order":0,"comment_status":"closed","ping_status":"closed","template":"","meta":{"footnotes":""},"class_list":["post-4578","page","type-page","status-publish","hentry"],"rttpg_featured_image_url":null,"rttpg_author":{"display_name":"admin","author_link":"https:\/\/eks-maintal.de\/cms\/author\/b-jovanovic\/"},"rttpg_comment":0,"rttpg_category":null,"rttpg_excerpt":"Wir bieten euch eine offene, t\u00e4gliche Hausaufgabenhilfe an. Ihr k\u00f6nnt ohne Einwahl einfach vorbei kommen &#8211; unsere Kursleiterinnen freuen sich darauf, euch beim Lernen zu unterst\u00fctzen! Nehmt dieses Angebot bitte zahlreich wahr! Wann? 13:50 Uhr &#8211; 15:20 Uhr (Ausnahme: B-Woche mittwochs bereits ab 13:05 Uhr &#8211; 14:35 Uhr) Wo? Raum 6 Eine feste Anmeldung ist&hellip;","_links":{"self":[{"href":"https:\/\/eks-maintal.de\/cms\/wp-json\/wp\/v2\/pages\/4578","targetHints":{"allow":["GET"]}}],"collection":[{"href":"https:\/\/eks-maintal.de\/cms\/wp-json\/wp\/v2\/pages"}],"about":[{"href":"https:\/\/eks-maintal.de\/cms\/wp-json\/wp\/v2\/types\/page"}],"author":[{"embeddable":true,"href":"https:\/\/eks-maintal.de\/cms\/wp-json\/wp\/v2\/users\/2"}],"replies":[{"embeddable":true,"href":"https:\/\/eks-maintal.de\/cms\/wp-json\/wp\/v2\/comments?post=4578"}],"version-history":[{"count":8,"href":"https:\/\/eks-maintal.de\/cms\/wp-json\/wp\/v2\/pages\/4578\/revisions"}],"predecessor-version":[{"id":4863,"href":"https:\/\/eks-maintal.de\/cms\/wp-json\/wp\/v2\/pages\/4578\/revisions\/4863"}],"wp:attachment":[{"href":"https:\/\/eks-maintal.de\/cms\/wp-json\/wp\/v2\/media?parent=4578"}],"curies":[{"name":"wp","href":"https:\/\/api.w.org\/{rel}","templated":true}]}}