{"id":4580,"date":"2021-10-07T14:23:13","date_gmt":"2021-10-07T12:23:13","guid":{"rendered":"https:\/\/eks-maintal.de\/cms\/?page_id=4580"},"modified":"2022-06-27T19:14:02","modified_gmt":"2022-06-27T17:14:02","slug":"betreuung","status":"publish","type":"page","link":"https:\/\/eks-maintal.de\/cms\/betreuung\/","title":{"rendered":"Betreuung"},"content":{"rendered":"<p>T\u00e4gliche Betreuung f\u00fcr angemeldete Sch\u00fcler*innen nach Schulschluss bis 16 Uhr.<\/p>","protected":false},"excerpt":{"rendered":"<p>T\u00e4gliche Betreuung f\u00fcr angemeldete Sch\u00fcler*innen nach Schulschluss bis 16 Uhr.<\/p>\n","protected":false},"author":2,"featured_media":0,"parent":0,"menu_order":0,"comment_status":"closed","ping_status":"closed","template":"","meta":{"footnotes":""},"class_list":["post-4580","page","type-page","status-publish","hentry"],"rttpg_featured_image_url":null,"rttpg_author":{"display_name":"admin","author_link":"https:\/\/eks-maintal.de\/cms\/author\/b-jovanovic\/"},"rttpg_comment":0,"rttpg_category":null,"rttpg_excerpt":"T\u00e4gliche Betreuung f\u00fcr angemeldete Sch\u00fcler*innen nach Schulschluss bis 16 Uhr.","_links":{"self":[{"href":"https:\/\/eks-maintal.de\/cms\/wp-json\/wp\/v2\/pages\/4580","targetHints":{"allow":["GET"]}}],"collection":[{"href":"https:\/\/eks-maintal.de\/cms\/wp-json\/wp\/v2\/pages"}],"about":[{"href":"https:\/\/eks-maintal.de\/cms\/wp-json\/wp\/v2\/types\/page"}],"author":[{"embeddable":true,"href":"https:\/\/eks-maintal.de\/cms\/wp-json\/wp\/v2\/users\/2"}],"replies":[{"embeddable":true,"href":"https:\/\/eks-maintal.de\/cms\/wp-json\/wp\/v2\/comments?post=4580"}],"version-history":[{"count":2,"href":"https:\/\/eks-maintal.de\/cms\/wp-json\/wp\/v2\/pages\/4580\/revisions"}],"predecessor-version":[{"id":4838,"href":"https:\/\/eks-maintal.de\/cms\/wp-json\/wp\/v2\/pages\/4580\/revisions\/4838"}],"wp:attachment":[{"href":"https:\/\/eks-maintal.de\/cms\/wp-json\/wp\/v2\/media?parent=4580"}],"curies":[{"name":"wp","href":"https:\/\/api.w.org\/{rel}","templated":true}]}}