{"id":5020,"date":"2024-04-19T14:37:58","date_gmt":"2024-04-19T12:37:58","guid":{"rendered":"https:\/\/eks-maintal.de\/cms\/?page_id=5020"},"modified":"2024-04-19T14:37:59","modified_gmt":"2024-04-19T12:37:59","slug":"einwahlregeln","status":"publish","type":"page","link":"https:\/\/eks-maintal.de\/cms\/einwahlregeln\/","title":{"rendered":"Einwahlregeln"},"content":{"rendered":"<p class=\"has-pale-cyan-blue-background-color has-background\"><strong>Nachmittagsangebote (AG\u2019s)<\/strong><\/p>\n\n\n\n<ul class=\"wp-block-list\">\n<li>Kreuze das Nachmittagsangebot deiner Wahl an.<\/li>\n\n\n\n<li>Lass deine Eltern deinen Einwahlzettel unterschreiben.<\/li>\n\n\n\n<li>Gib diesen Einwahlzettel deiner Klassenlehrerin oder deinem Klassenlehrer ab.<\/li>\n\n\n\n<li>Achte immer auf, ob dein Jahrgang an der AG teilnehmen darf.<\/li>\n\n\n\n<li>Ob eine AG stattfinden kann, h\u00e4ngt von den Anmeldezahlen ab.<\/li>\n\n\n\n<li>Melden sich zu viele Sch\u00fclerinnen und Sch\u00fcler f\u00fcr eine AG an, entscheidet das Los.<\/li>\n\n\n\n<li>Nach der Einwahlphase kannst du auf dem AG-Aushang schauen, in welcher AG du bist.<\/li>\n\n\n\n<li><strong>Melde dich nicht in der Hausaufgabenhilfe und einer AG am gleichen Tag an!<\/strong><\/li>\n<\/ul>\n\n\n\n<p class=\"has-light-green-cyan-background-color has-background\"><strong>Hausaufgabenhilfe:<\/strong><\/p>\n\n\n\n<ul class=\"wp-block-list\">\n<li>Kreuze die Tage an, an denen du die Hausaufgabenhilfe besuchen m\u00f6chtest.<\/li>\n\n\n\n<li>Lass deine Eltern deinen Einwahlzettel unterschreiben.<\/li>\n\n\n\n<li>Gib diesen Einwahlzettel deiner Klassenlehrerin oder deinem Klassenlehrer ab.<\/li>\n\n\n\n<li>Meldest du dich an, dann musst du <strong><u>verpflichtend<\/u><\/strong> zu den Tagen deiner Wahl in die Hausaufgabenhilfe gehen.<\/li>\n\n\n\n<li>Auch wenn du keine Hausaufgaben auf hast, kannst du in der Hausaufgabenhilfe deinen Unterrichtsstoff nachbereiten oder f\u00fcr Arbeiten lernen. <\/li>\n\n\n\n<li>Kannst du krankheitsbedingt nicht an der Hausaufgabenhilfe teilnehmen, musst du eine Entschuldigung vorlegen.<\/li>\n<\/ul>","protected":false},"excerpt":{"rendered":"<p>Nachmittagsangebote (AG\u2019s) Hausaufgabenhilfe:<\/p>\n","protected":false},"author":2,"featured_media":0,"parent":0,"menu_order":0,"comment_status":"closed","ping_status":"closed","template":"","meta":{"footnotes":""},"class_list":["post-5020","page","type-page","status-publish","hentry"],"rttpg_featured_image_url":null,"rttpg_author":{"display_name":"admin","author_link":"https:\/\/eks-maintal.de\/cms\/author\/b-jovanovic\/"},"rttpg_comment":0,"rttpg_category":null,"rttpg_excerpt":"Nachmittagsangebote (AG\u2019s) Hausaufgabenhilfe:","_links":{"self":[{"href":"https:\/\/eks-maintal.de\/cms\/wp-json\/wp\/v2\/pages\/5020","targetHints":{"allow":["GET"]}}],"collection":[{"href":"https:\/\/eks-maintal.de\/cms\/wp-json\/wp\/v2\/pages"}],"about":[{"href":"https:\/\/eks-maintal.de\/cms\/wp-json\/wp\/v2\/types\/page"}],"author":[{"embeddable":true,"href":"https:\/\/eks-maintal.de\/cms\/wp-json\/wp\/v2\/users\/2"}],"replies":[{"embeddable":true,"href":"https:\/\/eks-maintal.de\/cms\/wp-json\/wp\/v2\/comments?post=5020"}],"version-history":[{"count":1,"href":"https:\/\/eks-maintal.de\/cms\/wp-json\/wp\/v2\/pages\/5020\/revisions"}],"predecessor-version":[{"id":5021,"href":"https:\/\/eks-maintal.de\/cms\/wp-json\/wp\/v2\/pages\/5020\/revisions\/5021"}],"wp:attachment":[{"href":"https:\/\/eks-maintal.de\/cms\/wp-json\/wp\/v2\/media?parent=5020"}],"curies":[{"name":"wp","href":"https:\/\/api.w.org\/{rel}","templated":true}]}}