{"id":589,"date":"2014-04-03T21:49:50","date_gmt":"2014-04-03T19:49:50","guid":{"rendered":"http:\/\/eks-maintal.de\/cms\/?page_id=589"},"modified":"2014-04-07T15:48:05","modified_gmt":"2014-04-07T13:48:05","slug":"spanisch","status":"publish","type":"page","link":"https:\/\/eks-maintal.de\/cms\/spanisch\/","title":{"rendered":"Spanisch"},"content":{"rendered":"<h4><span style=\"color: #ff0000;\">APRENDEMOS ESPA\u00d1OL EN LA EKS-MAINTAL<\/span><\/h4>\n<p><a href=\"https:\/\/eks-maintal.de\/cms\/wp-content\/uploads\/2014\/04\/Espana.png\"><img loading=\"lazy\" decoding=\"async\" class=\" wp-image-591 alignright\" alt=\"Espana\" src=\"https:\/\/eks-maintal.de\/cms\/wp-content\/uploads\/2014\/04\/Espana.png\" width=\"80\" height=\"80\" \/><\/a><span class=\"frame alignleft\"><a href=\"https:\/\/eks-maintal.de\/cms\/wp-content\/uploads\/2014\/04\/Spanisch-1.png\" title=\"\"  rel=\"prettyPhoto[rt_theme_thumb]\" class=\"imgeffect plus\"><img decoding=\"async\" src=\"https:\/\/eks-maintal.de\/cms\/wp-content\/uploads\/2014\/04\/Spanisch-1-160x160.png\" alt=\"\"  class=\"align\" \/><\/a><\/span>\n<p>Wusstet ihr schon, dass&#8230;<\/p>\n<ul>\n<li>Spanisch in \u00fcber 20 Staaten der Welt gesprochen wird?<\/li>\n<li>Spanisch mit rund 390 Millionen Sprechern nach Chinesisch, Englisch und Hindi die vierth\u00e4ufigste Sprache der Welt ist?<\/li>\n<li>Der n\u00e4chste Urlaub in Spanien, Nord-, Mittel- oder S\u00fcdamerika mehr Spa\u00df macht, wenn ihr ein bisschen Spanisch k\u00f6nnt?<\/li>\n<li>Spanisch eine Sprache mit Zukunft ist und sich somit eure sp\u00e4teren Berufschancen erh\u00f6hen?<\/li>\n<\/ul>\n<p>Nein? Na dann nichts wie los!<\/p>\n<p style=\"text-align: justify;\">Spanisch wird an der EKS als 3. Fremdsprache ab der Jahrgangsstufe 9 im Rahmen des Wahlpflichtunterrichts angeboten und dreist\u00fcndig unterrichtet. Innerhalb dieses Wahlpflichtunterrichts habt ihr die M\u00f6glichkeit, euch mit der Sprache und der faszinierenden spanischen und hispano-amerikanischen Kultur vertraut zu machen.<br \/>\nNeuestes Lehrmaterial, handlungsorientierte Methoden und Neue Medien werden gezielt eingesetzt, um Sch\u00fclerinnen und Sch\u00fcler aktiv in das Sprachhandeln einzubeziehen und das Interesse am Fremdsprachenlernen weiter zu vertiefen.<\/p>\n<p><span style=\"color: #ff0000;\">\u00a1Venga, aprendemos espa\u00f1ol!<\/span><br \/>\n<span class=\"frame alignright\"><a href=\"https:\/\/eks-maintal.de\/cms\/wp-content\/uploads\/2014\/04\/Spanisch-2.png\" title=\"\"  rel=\"prettyPhoto[rt_theme_thumb]\" class=\"imgeffect plus\"><img decoding=\"async\" src=\"https:\/\/eks-maintal.de\/cms\/wp-content\/uploads\/2014\/04\/Spanisch-2-160x160.png\" alt=\"\"  class=\"align\" \/><\/a><\/span>","protected":false},"excerpt":{"rendered":"<p>APRENDEMOS ESPA\u00d1OL EN LA EKS-MAINTAL Wusstet ihr schon, dass&#8230; Spanisch in \u00fcber 20 Staaten der Welt gesprochen wird? Spanisch mit rund 390 Millionen Sprechern nach Chinesisch, Englisch und Hindi die vierth\u00e4ufigste Sprache der Welt ist? Der n\u00e4chste Urlaub in Spanien, Nord-, Mittel- oder S\u00fcdamerika mehr Spa\u00df macht, wenn ihr ein bisschen Spanisch k\u00f6nnt? Spanisch eine [&hellip;]<\/p>\n","protected":false},"author":2,"featured_media":0,"parent":0,"menu_order":0,"comment_status":"closed","ping_status":"closed","template":"","meta":{"footnotes":""},"class_list":["post-589","page","type-page","status-publish","hentry"],"rttpg_featured_image_url":null,"rttpg_author":{"display_name":"admin","author_link":"https:\/\/eks-maintal.de\/cms\/author\/b-jovanovic\/"},"rttpg_comment":0,"rttpg_category":null,"rttpg_excerpt":"APRENDEMOS ESPA\u00d1OL EN LA EKS-MAINTAL Wusstet ihr schon, dass&#8230; Spanisch in \u00fcber 20 Staaten der Welt gesprochen wird? Spanisch mit rund 390 Millionen Sprechern nach Chinesisch, Englisch und Hindi die vierth\u00e4ufigste Sprache der Welt ist? Der n\u00e4chste Urlaub in Spanien, Nord-, Mittel- oder S\u00fcdamerika mehr Spa\u00df macht, wenn ihr ein bisschen Spanisch k\u00f6nnt? Spanisch eine&hellip;","_links":{"self":[{"href":"https:\/\/eks-maintal.de\/cms\/wp-json\/wp\/v2\/pages\/589","targetHints":{"allow":["GET"]}}],"collection":[{"href":"https:\/\/eks-maintal.de\/cms\/wp-json\/wp\/v2\/pages"}],"about":[{"href":"https:\/\/eks-maintal.de\/cms\/wp-json\/wp\/v2\/types\/page"}],"author":[{"embeddable":true,"href":"https:\/\/eks-maintal.de\/cms\/wp-json\/wp\/v2\/users\/2"}],"replies":[{"embeddable":true,"href":"https:\/\/eks-maintal.de\/cms\/wp-json\/wp\/v2\/comments?post=589"}],"version-history":[{"count":15,"href":"https:\/\/eks-maintal.de\/cms\/wp-json\/wp\/v2\/pages\/589\/revisions"}],"predecessor-version":[{"id":605,"href":"https:\/\/eks-maintal.de\/cms\/wp-json\/wp\/v2\/pages\/589\/revisions\/605"}],"wp:attachment":[{"href":"https:\/\/eks-maintal.de\/cms\/wp-json\/wp\/v2\/media?parent=589"}],"curies":[{"name":"wp","href":"https:\/\/api.w.org\/{rel}","templated":true}]}}