{"id":62,"date":"2014-02-12T14:29:56","date_gmt":"2014-02-12T12:29:56","guid":{"rendered":"http:\/\/eks-maintal.de\/cms\/?page_id=62"},"modified":"2025-06-02T10:23:34","modified_gmt":"2025-06-02T08:23:34","slug":"kurzportrait-schule","status":"publish","type":"page","link":"https:\/\/eks-maintal.de\/cms\/kurzportrait-schule\/","title":{"rendered":"Ein Kurzportrait unserer Schule"},"content":{"rendered":"<p><span style=\"font-family: Arial, Helvetica, sans-serif;\"><strong><span style=\"font-size: 10pt;\">Unsere <strong><span style=\"color: #009bdc;\">E<\/span><span style=\"color: #230091;\">K<\/span><span style=\"color: #be0023;\">S<\/span> <\/strong> ist <u>die<\/u> integrierte Gesamtschule in Maintal<\/span><\/strong><\/span><\/p>\n<p><span style=\"font-size: 10pt; font-family: Arial, Helvetica, sans-serif;\">\u2026 mit \u00fcber 50-j\u00e4hriger Erfahrung<\/span><\/p>\n<p><span style=\"font-size: 10pt; font-family: Arial, Helvetica, sans-serif;\">\u00a0\u00a0\u00a0\u00a0 in allen Bildungsg\u00e4ngen allgemeinbildender Schulen<\/span><\/p>\n<p><span style=\"font-size: 10pt; font-family: Arial, Helvetica, sans-serif;\">\u00a0\u00a0\u00a0\u00a0 und bester Kooperation zum \u201eLichtenberg-Oberstufengymnasium\u201c im \u201eQualit\u00e4tsforum der Integrierten Gesamtschulen (IGSen) des Main-Kinzig-Kreises\u201c<\/span><\/p>\n<p><span style=\"font-size: 10pt;\"><strong>Unsere p\u00e4dagogisches Konzept und Selbstverst\u00e4ndnis folgt den Leitbegriffen: <\/strong><\/span><\/p>\n<p><span style=\"font-size: 10pt;\"><strong><span style=\"color: #009bdc;\">E<\/span><\/strong>ngagiert \u2013 <strong><span style=\"color: #230091;\">k<\/span><\/strong>ompetent \u2013 <span style=\"color: #be0023;\"><strong>s<\/strong><\/span>ozial<\/span><\/p>\n<p><strong><span style=\"font-size: 10pt;\">Wir sind <\/span><span style=\"font-size: 10pt;\">Ganztagsangebotsschule im Profil 2:<\/span><\/strong><\/p>\n<p><span style=\"font-size: 10pt;\">das bedeutet: freiwillige Arbeitsgemeinschaften zu kreativen, sportlichen und naturwissenschaftlichen Themenschwerpunkten.<\/span><\/p>\n<p><span style=\"font-size: 10pt;\">Zu unserem familienfreundlichen Betreuungsangebot geh\u00f6ren: Hausaufgabenhilfe, F\u00f6rder- und Forderangebote sowie eine Mensa.<\/span><\/p>\n<p><span style=\"font-size: 10pt;\"><em>Wenn Sie die verschiedenen Facetten und die Lebendigkeit unserer\u00a0<\/em><strong><span style=\"color: #009bdc;\">E<\/span><span style=\"color: #230091;\">K<\/span><span style=\"color: #be0023;\">S<\/span><\/strong> <em>besser kennenlernen m\u00f6chten, dann laden wir Sie herzlich ein, auf unserer Homepage<a href=\"#_ftn1\" name=\"_ftnref1\"><strong>[1]<\/strong><\/a> zu verweilen und in den anderen Beitr\u00e4gen unserer Sch\u00fclerinnen und Sch\u00fcler, Kolleginnen und Kollegen sowie der Schulleitung zu st\u00f6bern. <\/em><\/span><\/p>\n<p><span style=\"font-size: 10pt;\"><a href=\"#_ftnref1\" name=\"_ftn1\">[1]<\/a> Da unsere Homepage gerade aktualisiert wird, d\u00fcrfen Sie sich mit uns auf neue Beitr\u00e4ge freuen, die die Weiterentwicklung unserer Schule dokumentieren.<\/span><\/p>","protected":false},"excerpt":{"rendered":"<p>Unsere EKS ist die integrierte Gesamtschule in Maintal \u2026 mit \u00fcber 50-j\u00e4hriger Erfahrung \u00a0\u00a0\u00a0\u00a0 in allen Bildungsg\u00e4ngen allgemeinbildender Schulen \u00a0\u00a0\u00a0\u00a0 und bester Kooperation zum \u201eLichtenberg-Oberstufengymnasium\u201c im \u201eQualit\u00e4tsforum der Integrierten Gesamtschulen (IGSen) des Main-Kinzig-Kreises\u201c Unsere p\u00e4dagogisches Konzept und Selbstverst\u00e4ndnis folgt den Leitbegriffen: Engagiert \u2013 kompetent \u2013 sozial Wir sind Ganztagsangebotsschule im Profil 2: das bedeutet: freiwillige [&hellip;]<\/p>\n","protected":false},"author":2,"featured_media":0,"parent":0,"menu_order":0,"comment_status":"closed","ping_status":"closed","template":"","meta":{"footnotes":""},"class_list":["post-62","page","type-page","status-publish","hentry"],"rttpg_featured_image_url":null,"rttpg_author":{"display_name":"admin","author_link":"https:\/\/eks-maintal.de\/cms\/author\/b-jovanovic\/"},"rttpg_comment":0,"rttpg_category":null,"rttpg_excerpt":"Unsere EKS ist die integrierte Gesamtschule in Maintal \u2026 mit \u00fcber 50-j\u00e4hriger Erfahrung \u00a0\u00a0\u00a0\u00a0 in allen Bildungsg\u00e4ngen allgemeinbildender Schulen \u00a0\u00a0\u00a0\u00a0 und bester Kooperation zum \u201eLichtenberg-Oberstufengymnasium\u201c im \u201eQualit\u00e4tsforum der Integrierten Gesamtschulen (IGSen) des Main-Kinzig-Kreises\u201c Unsere p\u00e4dagogisches Konzept und Selbstverst\u00e4ndnis folgt den Leitbegriffen: Engagiert \u2013 kompetent \u2013 sozial Wir sind Ganztagsangebotsschule im Profil 2: das bedeutet: freiwillige&hellip;","_links":{"self":[{"href":"https:\/\/eks-maintal.de\/cms\/wp-json\/wp\/v2\/pages\/62","targetHints":{"allow":["GET"]}}],"collection":[{"href":"https:\/\/eks-maintal.de\/cms\/wp-json\/wp\/v2\/pages"}],"about":[{"href":"https:\/\/eks-maintal.de\/cms\/wp-json\/wp\/v2\/types\/page"}],"author":[{"embeddable":true,"href":"https:\/\/eks-maintal.de\/cms\/wp-json\/wp\/v2\/users\/2"}],"replies":[{"embeddable":true,"href":"https:\/\/eks-maintal.de\/cms\/wp-json\/wp\/v2\/comments?post=62"}],"version-history":[{"count":50,"href":"https:\/\/eks-maintal.de\/cms\/wp-json\/wp\/v2\/pages\/62\/revisions"}],"predecessor-version":[{"id":5058,"href":"https:\/\/eks-maintal.de\/cms\/wp-json\/wp\/v2\/pages\/62\/revisions\/5058"}],"wp:attachment":[{"href":"https:\/\/eks-maintal.de\/cms\/wp-json\/wp\/v2\/media?parent=62"}],"curies":[{"name":"wp","href":"https:\/\/api.w.org\/{rel}","templated":true}]}}