{"id":655,"date":"2014-04-07T16:20:18","date_gmt":"2014-04-07T14:20:18","guid":{"rendered":"http:\/\/eks-maintal.de\/cms\/?page_id=655"},"modified":"2019-09-05T11:20:02","modified_gmt":"2019-09-05T09:20:02","slug":"abschluesse","status":"publish","type":"page","link":"https:\/\/eks-maintal.de\/cms\/abschluesse\/","title":{"rendered":"Schulabschl\u00fcsse an der EKS"},"content":{"rendered":"<p style=\"text-align: justify;\">Bei uns k\u00f6nnen alle Schulabschl\u00fcsse und \u00dcberg\u00e4nge \/ Versetzungen in eine gymnasiale Oberstufe erreicht werden. Beim Wechsel von der Grundschule auf die integrierte Gesamtschule bleibt der m\u00f6gliche Schulabschluss bis zur 9. Klasse offen. Bei Leistungsversagen muss weder die Klasse wiederholt (also kein Sitzenbleiben) noch die Schulform gewechselt\u00a0 werden.<\/p>\n<p>Alle Schulabschl\u00fcsse der Mittelstufe sowie der \u00dcbergang \/ die Versetzung in eine gymnasiale Oberstufe sind m\u00f6glich.<\/p>\n<p><em><strong><em><em>Klicken Sie bitte auf den gew\u00fcnschten Abschluss f\u00fcr weitere Informationen<\/em><\/em><\/strong><\/em><\/p>\n<div class=\"su-box su-box-style-soft\" id=\"\" style=\"border-color:#00005e;border-radius:3px\"><div class=\"su-box-title\" style=\"background-color:#230091;color:#FFFFFF;border-top-left-radius:1px;border-top-right-radius:1px\">Schulabschl\u00fcsse an der EKS<\/div><div class=\"su-box-content su-u-clearfix su-u-trim\" style=\"border-bottom-left-radius:1px;border-bottom-right-radius:1px\">\n<a href=\"https:\/\/eks-maintal.de\/cms\/uegos\/\" class=\"su-button su-button-style-default su-button-wide\" style=\"color:#FFFFFF;background-color:#009bdc;border-color:#007cb0;border-radius:9px\" target=\"_blank\" rel=\"noopener noreferrer\"><span style=\"color:#FFFFFF;padding:0px 24px;font-size:18px;line-height:36px;border-color:#4db9e7;border-radius:9px;text-shadow:3px 3px 7px #000000\"> \u00dcbergang in eine gymnasiale Oberstufe<small style=\"padding-bottom:8px;color:#FFFFFF\">\u00dcGOS - nach Klasse 10<\/small><\/span><\/a>\n<a href=\"https:\/\/eks-maintal.de\/cms\/a10\/\" class=\"su-button su-button-style-default su-button-wide\" style=\"color:#FFFFFF;background-color:#009bdc;border-color:#007cb0;border-radius:9px\" target=\"_blank\" rel=\"noopener noreferrer\"><span style=\"color:#FFFFFF;padding:0px 24px;font-size:18px;line-height:36px;border-color:#4db9e7;border-radius:9px;text-shadow:3px 3px 7px #000000\"> Realschulabschluss<small style=\"padding-bottom:8px;color:#FFFFFF\">nach Klasse 10<\/small><\/span><\/a>\n<a href=\"https:\/\/eks-maintal.de\/cms\/a9\/\" class=\"su-button su-button-style-default su-button-wide\" style=\"color:#FFFFFF;background-color:#009bdc;border-color:#007cb0;border-radius:9px\" target=\"_blank\" rel=\"noopener noreferrer\"><span style=\"color:#FFFFFF;padding:0px 24px;font-size:18px;line-height:36px;border-color:#4db9e7;border-radius:9px;text-shadow:3px 3px 7px #000000\"> Hauptschulabschluss<small style=\"padding-bottom:8px;color:#FFFFFF\">nach Klasse 9<\/small><\/span><\/a>\n<a href=\"https:\/\/eks-maintal.de\/cms\/wp-content\/uploads\/2019\/09\/Kurzfassung-Abschl\u00fcsse_Sept.-2019.pdf\" class=\"su-button su-button-style-default su-button-wide\" style=\"color:#FFFFFF;background-color:#009bdc;border-color:#007cb0;border-radius:9px\" target=\"_blank\" rel=\"noopener noreferrer\"><span style=\"color:#FFFFFF;padding:0px 24px;font-size:18px;line-height:36px;border-color:#4db9e7;border-radius:9px;text-shadow:3px 3px 7px #000000\"> Kurzfassung Abschl\u00fcsse an der IGS<small style=\"padding-bottom:8px;color:#FFFFFF\">Zum Download bitte hier klicken<\/small><\/span><\/a><\/div><\/div>\n<p>&nbsp;<\/p>\n<p><em><strong><em><em>Pr\u00fcfungsverfahren und Abschl\u00fcsse im PDF &#8211; Format zum Download<br \/>\n<\/em><\/em><\/strong><\/em><\/p>\n<div class=\"su-box su-box-style-soft\" id=\"\" style=\"border-color:#00005e;border-radius:3px\"><div class=\"su-box-title\" style=\"background-color:#230091;color:#FFFFFF;border-top-left-radius:1px;border-top-right-radius:1px\">Pr\u00fcfungen und Abschl\u00fcsse Jahrgang 9 \/ 10<\/div><div class=\"su-box-content su-u-clearfix su-u-trim\" style=\"border-bottom-left-radius:1px;border-bottom-right-radius:1px\">\n<a href=\"https:\/\/eks-maintal.de\/cms\/wp-content\/uploads\/2017\/09\/9_Elternabend_Pr\u00fcfung_Abschl\u00fcsse_-2017.pdf\" class=\"su-button su-button-style-default su-button-wide\" style=\"color:#FFFFFF;background-color:#009bdc;border-color:#007cb0;border-radius:7px\" target=\"_blank\" rel=\"noopener noreferrer\"><span style=\"color:#FFFFFF;padding:0px 20px;font-size:16px;line-height:32px;border-color:#4db9e7;border-radius:7px;text-shadow:3px 3px 7px #000000\"> Pr\u00fcfungen und Abschl\u00fcsse Jahrgang 9<small style=\"padding-bottom:7px;color:#FFFFFF\">Zum Download bitte hier klicken<\/small><\/span><\/a>\n<a href=\"https:\/\/eks-maintal.de\/cms\/wp-content\/uploads\/2017\/09\/10_Elternabend_Pr\u00fcfung_Abschl\u00fcsse-_2017.pdf\" class=\"su-button su-button-style-default su-button-wide\" style=\"color:#FFFFFF;background-color:#009bdc;border-color:#007cb0;border-radius:7px\" target=\"_blank\" rel=\"noopener noreferrer\"><span style=\"color:#FFFFFF;padding:0px 20px;font-size:16px;line-height:32px;border-color:#4db9e7;border-radius:7px;text-shadow:3px 3px 7px #000000\"> Pr\u00fcfungen und Abschl\u00fcsse Jahrgang 10<small style=\"padding-bottom:7px;color:#FFFFFF\">Zum Download bitte hier klicken<\/small><\/span><\/a><\/div><\/div>","protected":false},"excerpt":{"rendered":"<p>Bei uns k\u00f6nnen alle Schulabschl\u00fcsse und \u00dcberg\u00e4nge \/ Versetzungen in eine gymnasiale Oberstufe erreicht werden. Beim Wechsel von der Grundschule auf die integrierte Gesamtschule bleibt der m\u00f6gliche Schulabschluss bis zur 9. Klasse offen. Bei Leistungsversagen muss weder die Klasse wiederholt (also kein Sitzenbleiben) noch die Schulform gewechselt\u00a0 werden. Alle Schulabschl\u00fcsse der Mittelstufe sowie der \u00dcbergang [&hellip;]<\/p>\n","protected":false},"author":2,"featured_media":0,"parent":0,"menu_order":0,"comment_status":"closed","ping_status":"closed","template":"","meta":{"footnotes":""},"class_list":["post-655","page","type-page","status-publish","hentry"],"rttpg_featured_image_url":null,"rttpg_author":{"display_name":"admin","author_link":"https:\/\/eks-maintal.de\/cms\/author\/b-jovanovic\/"},"rttpg_comment":0,"rttpg_category":null,"rttpg_excerpt":"Bei uns k\u00f6nnen alle Schulabschl\u00fcsse und \u00dcberg\u00e4nge \/ Versetzungen in eine gymnasiale Oberstufe erreicht werden. Beim Wechsel von der Grundschule auf die integrierte Gesamtschule bleibt der m\u00f6gliche Schulabschluss bis zur 9. Klasse offen. Bei Leistungsversagen muss weder die Klasse wiederholt (also kein Sitzenbleiben) noch die Schulform gewechselt\u00a0 werden. Alle Schulabschl\u00fcsse der Mittelstufe sowie der \u00dcbergang&hellip;","_links":{"self":[{"href":"https:\/\/eks-maintal.de\/cms\/wp-json\/wp\/v2\/pages\/655","targetHints":{"allow":["GET"]}}],"collection":[{"href":"https:\/\/eks-maintal.de\/cms\/wp-json\/wp\/v2\/pages"}],"about":[{"href":"https:\/\/eks-maintal.de\/cms\/wp-json\/wp\/v2\/types\/page"}],"author":[{"embeddable":true,"href":"https:\/\/eks-maintal.de\/cms\/wp-json\/wp\/v2\/users\/2"}],"replies":[{"embeddable":true,"href":"https:\/\/eks-maintal.de\/cms\/wp-json\/wp\/v2\/comments?post=655"}],"version-history":[{"count":17,"href":"https:\/\/eks-maintal.de\/cms\/wp-json\/wp\/v2\/pages\/655\/revisions"}],"predecessor-version":[{"id":3655,"href":"https:\/\/eks-maintal.de\/cms\/wp-json\/wp\/v2\/pages\/655\/revisions\/3655"}],"wp:attachment":[{"href":"https:\/\/eks-maintal.de\/cms\/wp-json\/wp\/v2\/media?parent=655"}],"curies":[{"name":"wp","href":"https:\/\/api.w.org\/{rel}","templated":true}]}}