{"id":658,"date":"2014-04-07T16:26:14","date_gmt":"2014-04-07T14:26:14","guid":{"rendered":"http:\/\/eks-maintal.de\/cms\/?page_id=658"},"modified":"2020-09-29T21:30:01","modified_gmt":"2020-09-29T19:30:01","slug":"differenzierung","status":"publish","type":"page","link":"https:\/\/eks-maintal.de\/cms\/differenzierung\/","title":{"rendered":"Differenzierung"},"content":{"rendered":"<p style=\"text-align: justify;\">Wir sind eine <span style=\"color: #ff0000;\"><b>I<\/b><\/span><b>ntegrierte<\/b> <span style=\"color: #ff0000;\"><b>G<\/b><\/span><b>esamt<\/b><span style=\"color: #ff0000;\"><b>S<\/b><\/span><b>chule<\/b> (<span style=\"color: #ff0000;\"><b>IGS<\/b><\/span>), an der alle Sch\u00fclerinnen und Sch\u00fcler gemeinsam lernen. In den Jahrg\u00e4ngen 5 und 6 werden deshalb alle F\u00e4cher ohne \u00e4u\u00dfere Fachleistungsdifferenzierung unterrichtet, d.h. im gemeinsamen Klassenunterricht werden Lernaufgaben mit unterschiedlichem Schwierigkeitsgrad angeboten, um so durch eine innere Differenzierung allen Sch\u00fclerinnen und Sch\u00fclern gerecht zu werden.<\/p>\n<p style=\"text-align: justify;\">Erst ab Klasse 7 beginnt die \u00e4u\u00dfere Differenzierung, d.h. die Sch\u00fclerinnen und Sch\u00fcler werden nach ihrem Leistungsverm\u00f6gen in Erweiterungskurse bzw. Grundkurse eingeteilt (s. untere Grafik). Der E-Kurs beinhaltet ein h\u00f6heres, der G-Kurs ein grundlegendes Lernangebot.<\/p>\n<p>Nach den Ersteinstufungen gibt es jeweils zu den Halbjahreszeugnissen Umstufungen nach Leistung.<\/p>\n<p style=\"text-align: justify;\"><img loading=\"lazy\" decoding=\"async\" class=\"aligncenter wp-image-934\" src=\"https:\/\/eks-maintal.de\/cms\/wp-content\/uploads\/2014\/05\/Differenzierung.png\" alt=\"Differenzierung\" width=\"616\" height=\"270\" \/><\/p>\n<p style=\"text-align: justify;\"><strong><em>\u00a0<\/em><\/strong><\/p>\n<div id=\"kpm-root\" class=\"kpm_LTR notranslate\" translate=\"no\"><\/div>\n<div id=\"kpm-root\" class=\"kpm_LTR notranslate\" translate=\"no\"><\/div>","protected":false},"excerpt":{"rendered":"<p>Wir sind eine Integrierte GesamtSchule (IGS), an der alle Sch\u00fclerinnen und Sch\u00fcler gemeinsam lernen. In den Jahrg\u00e4ngen 5 und 6 werden deshalb alle F\u00e4cher ohne \u00e4u\u00dfere Fachleistungsdifferenzierung unterrichtet, d.h. im gemeinsamen Klassenunterricht werden Lernaufgaben mit unterschiedlichem Schwierigkeitsgrad angeboten, um so durch eine innere Differenzierung allen Sch\u00fclerinnen und Sch\u00fclern gerecht zu werden. Erst ab Klasse 7 [&hellip;]<\/p>\n","protected":false},"author":2,"featured_media":0,"parent":0,"menu_order":0,"comment_status":"closed","ping_status":"closed","template":"","meta":{"footnotes":""},"class_list":["post-658","page","type-page","status-publish","hentry"],"rttpg_featured_image_url":null,"rttpg_author":{"display_name":"admin","author_link":"https:\/\/eks-maintal.de\/cms\/author\/b-jovanovic\/"},"rttpg_comment":0,"rttpg_category":null,"rttpg_excerpt":"Wir sind eine Integrierte GesamtSchule (IGS), an der alle Sch\u00fclerinnen und Sch\u00fcler gemeinsam lernen. In den Jahrg\u00e4ngen 5 und 6 werden deshalb alle F\u00e4cher ohne \u00e4u\u00dfere Fachleistungsdifferenzierung unterrichtet, d.h. im gemeinsamen Klassenunterricht werden Lernaufgaben mit unterschiedlichem Schwierigkeitsgrad angeboten, um so durch eine innere Differenzierung allen Sch\u00fclerinnen und Sch\u00fclern gerecht zu werden. Erst ab Klasse 7&hellip;","_links":{"self":[{"href":"https:\/\/eks-maintal.de\/cms\/wp-json\/wp\/v2\/pages\/658","targetHints":{"allow":["GET"]}}],"collection":[{"href":"https:\/\/eks-maintal.de\/cms\/wp-json\/wp\/v2\/pages"}],"about":[{"href":"https:\/\/eks-maintal.de\/cms\/wp-json\/wp\/v2\/types\/page"}],"author":[{"embeddable":true,"href":"https:\/\/eks-maintal.de\/cms\/wp-json\/wp\/v2\/users\/2"}],"replies":[{"embeddable":true,"href":"https:\/\/eks-maintal.de\/cms\/wp-json\/wp\/v2\/comments?post=658"}],"version-history":[{"count":12,"href":"https:\/\/eks-maintal.de\/cms\/wp-json\/wp\/v2\/pages\/658\/revisions"}],"predecessor-version":[{"id":3982,"href":"https:\/\/eks-maintal.de\/cms\/wp-json\/wp\/v2\/pages\/658\/revisions\/3982"}],"wp:attachment":[{"href":"https:\/\/eks-maintal.de\/cms\/wp-json\/wp\/v2\/media?parent=658"}],"curies":[{"name":"wp","href":"https:\/\/api.w.org\/{rel}","templated":true}]}}