{"id":660,"date":"2014-04-07T16:26:29","date_gmt":"2014-04-07T14:26:29","guid":{"rendered":"http:\/\/eks-maintal.de\/cms\/?page_id=660"},"modified":"2014-05-21T21:16:46","modified_gmt":"2014-05-21T19:16:46","slug":"sprachenfolge","status":"publish","type":"page","link":"https:\/\/eks-maintal.de\/cms\/sprachenfolge\/","title":{"rendered":"Fremdsprachen"},"content":{"rendered":"<p style=\"text-align: justify;\">Fremdsprachen sind in unserer heutigen globalisierten Welt von gro\u00dfer Bedeutung. Sch\u00fclerinnen und Sch\u00fcler lernen Sprachen aus Interesse an anderen Kulturen und\/oder sie haben eine besondere sprachliche Begabung. Es sollte gut \u00fcberlegt werden, ob eine Sch\u00fclerin \/ ein Sch\u00fcler, neben der Motivation f\u00fcr eine weitere Fremdsprache, auch in der Lage ist, das zus\u00e4tzliche Arbeitspensum zu bew\u00e4ltigen.<\/p>\n<p style=\"text-align: justify;\">Im Hinblick auf den geplanten Besuch einer gymnasialen Oberstufe ist es durchaus vorteilhaft, wenn bereits in der Mittelstufe neben der ersten Fremdsprache Englisch eine weitere Sprache gelernt wird. Sollte man jedoch\u00a0 keine zweite Fremdsprache gew\u00e4hlt worden sein, so kann diese immer noch in der Oberstufe nachgeholt werden.<\/p>\n<p><img loading=\"lazy\" decoding=\"async\" class=\"wp-image-937 alignleft\" src=\"https:\/\/eks-maintal.de\/cms\/wp-content\/uploads\/2014\/05\/GB-150x107.png\" alt=\"GB\" width=\"35\" height=\"23\" \/>\u00a0 <b><i>Do you speak English?<\/i><\/b><img loading=\"lazy\" decoding=\"async\" class=\"wp-image-941 alignright\" src=\"https:\/\/eks-maintal.de\/cms\/wp-content\/uploads\/2014\/05\/Big-Ben1-150x150.png\" alt=\"Big Ben\" width=\"90\" height=\"90\" \/><\/p>\n<p>Im Jahrgang 5 beginnen wir mit <a title=\"Englisch\" href=\"https:\/\/eks-maintal.de\/cms\/englisch\/\"><b>Englisch<\/b><\/a> als erste Fremdsprache. Ab der 7. Klasse wird Englisch dann auf zwei verschiedenen Kursniveaus unterrichtet, dem Erweiterungskurs (E-Kurs) und dem Grundkurs (G-Kurs).<\/p>\n<p><img loading=\"lazy\" decoding=\"async\" class=\"wp-image-943 alignleft\" src=\"https:\/\/eks-maintal.de\/cms\/wp-content\/uploads\/2014\/05\/Frankreich-150x117.png\" alt=\"Frankreich\" width=\"47\" height=\"36\" \/><b><i>\u00a0 <\/i><\/b><b><i>Parlez-vous francais?<\/i><\/b><\/p>\n<p><b><i>\u00a0<img loading=\"lazy\" decoding=\"async\" class=\"alignright  wp-image-942\" src=\"https:\/\/eks-maintal.de\/cms\/wp-content\/uploads\/2014\/05\/Eiffelturm-2-150x150.png\" alt=\"Eiffelturm 2\" width=\"90\" height=\"90\" \/><\/i><\/b><br \/>\nAm Ende der Klasse 6 kann das Fach <a title=\"Franz\u00f6sisch\" href=\"https:\/\/eks-maintal.de\/cms\/franzoesisch\/\"><b>Franz\u00f6sisch<\/b><\/a> als\u00a0 zweite Fremdsprache gew\u00e4hlt werden. Franz\u00f6sisch wird ab Klasse 8 differenziert, der Unterricht findet dann in Erweiterungs- bzw. Grundkursen statt.<\/p>\n<p><img loading=\"lazy\" decoding=\"async\" class=\"wp-image-940 alignleft\" src=\"https:\/\/eks-maintal.de\/cms\/wp-content\/uploads\/2014\/05\/Spanien-150x150.png\" alt=\"Spanien\" width=\"43\" height=\"43\" \/><b><i> \u00bfHabla usted espa\u00f1ol?<\/i><\/b><\/p>\n<p><img loading=\"lazy\" decoding=\"async\" class=\"alignright  wp-image-944\" src=\"https:\/\/eks-maintal.de\/cms\/wp-content\/uploads\/2014\/05\/Kathedrale-150x150.png\" alt=\"Kathedrale\" width=\"90\" height=\"90\" \/><\/p>\n<p><a title=\"Spanisch\" href=\"https:\/\/eks-maintal.de\/cms\/spanisch\/\"><b>Spanisch<\/b><\/a> bieten wir als Wahlpflichtkurs im Bereich \u201eWahlpflichtunterricht II\u201c f\u00fcr die Jahrg\u00e4nge 9\/10 an. F\u00fcr manche ist es die dritte Fremdsprache, f\u00fcr andere die zweite. <b><i>\u00a0<\/i><\/b><\/p>","protected":false},"excerpt":{"rendered":"<p>Fremdsprachen sind in unserer heutigen globalisierten Welt von gro\u00dfer Bedeutung. Sch\u00fclerinnen und Sch\u00fcler lernen Sprachen aus Interesse an anderen Kulturen und\/oder sie haben eine besondere sprachliche Begabung. Es sollte gut \u00fcberlegt werden, ob eine Sch\u00fclerin \/ ein Sch\u00fcler, neben der Motivation f\u00fcr eine weitere Fremdsprache, auch in der Lage ist, das zus\u00e4tzliche Arbeitspensum zu bew\u00e4ltigen. [&hellip;]<\/p>\n","protected":false},"author":2,"featured_media":0,"parent":0,"menu_order":0,"comment_status":"closed","ping_status":"closed","template":"","meta":{"footnotes":""},"class_list":["post-660","page","type-page","status-publish","hentry"],"rttpg_featured_image_url":null,"rttpg_author":{"display_name":"admin","author_link":"https:\/\/eks-maintal.de\/cms\/author\/b-jovanovic\/"},"rttpg_comment":0,"rttpg_category":null,"rttpg_excerpt":"Fremdsprachen sind in unserer heutigen globalisierten Welt von gro\u00dfer Bedeutung. Sch\u00fclerinnen und Sch\u00fcler lernen Sprachen aus Interesse an anderen Kulturen und\/oder sie haben eine besondere sprachliche Begabung. Es sollte gut \u00fcberlegt werden, ob eine Sch\u00fclerin \/ ein Sch\u00fcler, neben der Motivation f\u00fcr eine weitere Fremdsprache, auch in der Lage ist, das zus\u00e4tzliche Arbeitspensum zu bew\u00e4ltigen.&hellip;","_links":{"self":[{"href":"https:\/\/eks-maintal.de\/cms\/wp-json\/wp\/v2\/pages\/660","targetHints":{"allow":["GET"]}}],"collection":[{"href":"https:\/\/eks-maintal.de\/cms\/wp-json\/wp\/v2\/pages"}],"about":[{"href":"https:\/\/eks-maintal.de\/cms\/wp-json\/wp\/v2\/types\/page"}],"author":[{"embeddable":true,"href":"https:\/\/eks-maintal.de\/cms\/wp-json\/wp\/v2\/users\/2"}],"replies":[{"embeddable":true,"href":"https:\/\/eks-maintal.de\/cms\/wp-json\/wp\/v2\/comments?post=660"}],"version-history":[{"count":9,"href":"https:\/\/eks-maintal.de\/cms\/wp-json\/wp\/v2\/pages\/660\/revisions"}],"predecessor-version":[{"id":1090,"href":"https:\/\/eks-maintal.de\/cms\/wp-json\/wp\/v2\/pages\/660\/revisions\/1090"}],"wp:attachment":[{"href":"https:\/\/eks-maintal.de\/cms\/wp-json\/wp\/v2\/media?parent=660"}],"curies":[{"name":"wp","href":"https:\/\/api.w.org\/{rel}","templated":true}]}}