{"id":668,"date":"2014-04-07T16:28:39","date_gmt":"2014-04-07T14:28:39","guid":{"rendered":"http:\/\/eks-maintal.de\/cms\/?page_id=668"},"modified":"2018-08-06T23:07:54","modified_gmt":"2018-08-06T21:07:54","slug":"schulordnung","status":"publish","type":"page","link":"https:\/\/eks-maintal.de\/cms\/schulordnung\/","title":{"rendered":"Schulordnung"},"content":{"rendered":"<p>Diese Schulordnung soll die Grundregeln bieten f\u00fcr das Zusammenleben von Sch\u00fclerinnen und Sch\u00fclern, Lehrerinnen und Lehrern, Eltern und allen anderen Mitgliedern der Schulgemeinde.<\/p>\n<p>Zum Download der Schulordnung bitte auf das Bild klicken.<br \/>\n<a href=\"https:\/\/eks-maintal.de\/cms\/wp-content\/uploads\/2018\/08\/Schulordnung_\u00fcberarbeitet-2018.pdf\" target=\"_blank\" rel=\"noopener\"><img loading=\"lazy\" decoding=\"async\" class=\"alignleft wp-image-728 size-full\" src=\"https:\/\/eks-maintal.de\/cms\/wp-content\/uploads\/2014\/04\/Schulordnung.png\" alt=\"Schulordnung\" width=\"200\" height=\"283\" \/><\/a><\/p>\n<p>&nbsp;<\/p>\n<p>&nbsp;<\/p>\n<p>&nbsp;<\/p>\n<p>&nbsp;<\/p>\n<p>&nbsp;<\/p>\n<p>&nbsp;<\/p>\n<p>&nbsp;<\/p>\n<p>Zum Download der Mensaregeln bitte auf das Bild klicken.<br \/>\n<a href=\"https:\/\/eks-maintal.de\/cms\/wp-content\/uploads\/2016\/04\/Mensaregeln.pdf\" target=\"_blank\" rel=\"noopener\"><img loading=\"lazy\" decoding=\"async\" class=\"alignleft wp-image-2138\" src=\"https:\/\/eks-maintal.de\/cms\/wp-content\/uploads\/2016\/04\/Mensaregeln.jpg\" alt=\"Mensaregeln\" width=\"204\" height=\"267\" \/><\/a><\/p>","protected":false},"excerpt":{"rendered":"<p>Diese Schulordnung soll die Grundregeln bieten f\u00fcr das Zusammenleben von Sch\u00fclerinnen und Sch\u00fclern, Lehrerinnen und Lehrern, Eltern und allen anderen Mitgliedern der Schulgemeinde. Zum Download der Schulordnung bitte auf das Bild klicken. &nbsp; &nbsp; &nbsp; &nbsp; &nbsp; &nbsp; &nbsp; Zum Download der Mensaregeln bitte auf das Bild klicken.<\/p>\n","protected":false},"author":2,"featured_media":0,"parent":0,"menu_order":0,"comment_status":"closed","ping_status":"closed","template":"","meta":{"footnotes":""},"class_list":["post-668","page","type-page","status-publish","hentry"],"rttpg_featured_image_url":null,"rttpg_author":{"display_name":"admin","author_link":"https:\/\/eks-maintal.de\/cms\/author\/b-jovanovic\/"},"rttpg_comment":0,"rttpg_category":null,"rttpg_excerpt":"Diese Schulordnung soll die Grundregeln bieten f\u00fcr das Zusammenleben von Sch\u00fclerinnen und Sch\u00fclern, Lehrerinnen und Lehrern, Eltern und allen anderen Mitgliedern der Schulgemeinde. Zum Download der Schulordnung bitte auf das Bild klicken. &nbsp; &nbsp; &nbsp; &nbsp; &nbsp; &nbsp; &nbsp; Zum Download der Mensaregeln bitte auf das Bild klicken.","_links":{"self":[{"href":"https:\/\/eks-maintal.de\/cms\/wp-json\/wp\/v2\/pages\/668","targetHints":{"allow":["GET"]}}],"collection":[{"href":"https:\/\/eks-maintal.de\/cms\/wp-json\/wp\/v2\/pages"}],"about":[{"href":"https:\/\/eks-maintal.de\/cms\/wp-json\/wp\/v2\/types\/page"}],"author":[{"embeddable":true,"href":"https:\/\/eks-maintal.de\/cms\/wp-json\/wp\/v2\/users\/2"}],"replies":[{"embeddable":true,"href":"https:\/\/eks-maintal.de\/cms\/wp-json\/wp\/v2\/comments?post=668"}],"version-history":[{"count":9,"href":"https:\/\/eks-maintal.de\/cms\/wp-json\/wp\/v2\/pages\/668\/revisions"}],"predecessor-version":[{"id":3399,"href":"https:\/\/eks-maintal.de\/cms\/wp-json\/wp\/v2\/pages\/668\/revisions\/3399"}],"wp:attachment":[{"href":"https:\/\/eks-maintal.de\/cms\/wp-json\/wp\/v2\/media?parent=668"}],"curies":[{"name":"wp","href":"https:\/\/api.w.org\/{rel}","templated":true}]}}