{"id":80,"date":"2014-02-12T14:31:38","date_gmt":"2014-02-12T12:31:38","guid":{"rendered":"http:\/\/eks-maintal.de\/cms\/?page_id=80"},"modified":"2018-05-18T17:02:06","modified_gmt":"2018-05-18T15:02:06","slug":"foerderverein","status":"publish","type":"page","link":"https:\/\/eks-maintal.de\/cms\/foerderverein\/","title":{"rendered":"F\u00f6rderverein"},"content":{"rendered":"<p>Liebe Eltern,<\/p>\n<p>der F\u00f6rderverein der Erich K\u00e4stner-Schule wurde mit dem Ziel gegr\u00fcndet, Projekte zugunsten der Sch\u00fcler\/innen und Schule zu erm\u00f6glichen oder Anschaffungen zu t\u00e4tigen, die es ohne den F\u00f6rderverein nicht geben w\u00fcrde. Helfen Sie uns, dies zu erm\u00f6glichen.<\/p>\n<p>Bet\u00e4tigungsfelder:<\/p>\n<ul>\n<li>finanzielle Unterst\u00fctzung bei Ausfl\u00fcgen, Klassenfahrten, Studienfahrten (Paris, London), Projektfahrten<\/li>\n<li>finanzielle Unterst\u00fctzung bei Anschaffung von Lernmitteln, z.B. computergest\u00fctzte Lernprogramme, Nachschlagewerke usw.<\/li>\n<li>finanzielle und aktive Unterst\u00fctzung bei der Schulhofgestaltung<\/li>\n<li>Anschaffung von Sportger\u00e4ten f\u00fcr die \u201eBewegte Pause\u201c und vieles mehr.<\/li>\n<\/ul>\n<p>Helfen Sie uns, indem Sie Mitglied werden (Jahresbeitrag 12\u20ac) oder uns einfach aktiv unterst\u00fctzen. Wir freuen uns \u00fcber alle Ideen und Anregungen. Laden Sie sich die Beitrittserkl\u00e4rung hier herunter <a class=\"button small blue\" href=\"https:\/\/eks-maintal.de\/cms\/wp-content\/uploads\/2018\/05\/Antrag-auf-Mitgliedschaft.pdf\" target=\"_blank\" rel=\"noopener\">Antrag auf Mitgliedschaft<\/a><\/p>\n<p>Eine andere M\u00f6glichkeit den F\u00f6rderverein und damit die Schule kostenlos zu unterst\u00fctzen, ist die Nutzung des sogenannten Bildungsspenders. Wenn Sie Ihre Online-Eink\u00e4ufe \u00fcber die Internetseite: <a href=\"http:\/\/www.bildungsspender.de\/eks-maintal\" target=\"_blank\" rel=\"noopener\">www.bildungsspender.de\/eks-maintal<\/a> t\u00e4tigen, erhalten wir f\u00fcr Ihren Einkaufsbetrag eine Spende auf einem Konto gut geschrieben. Sie zahlen keinen Cent mehr.<\/p>\n<p style=\"text-align: center;\"><a href=\"https:\/\/eks-maintal.de\/cms\/wp-content\/uploads\/2014\/03\/Bildungsspender.jpg\"><img loading=\"lazy\" decoding=\"async\" class=\" wp-image-474 aligncenter\" src=\"https:\/\/eks-maintal.de\/cms\/wp-content\/uploads\/2014\/03\/Bildungsspender-300x141.jpg\" alt=\"Bildungsspender\" width=\"240\" height=\"113\" \/><\/a><\/p>\n<span class=\"frame alignleft\"><a href=\"https:\/\/eks-maintal.de\/cms\/wp-content\/uploads\/2016\/05\/Foerderverein_neu.jpg\" title=\"\"  rel=\"prettyPhoto[rt_theme_thumb]\" class=\"imgeffect plus\"><img decoding=\"async\" src=\"https:\/\/eks-maintal.de\/cms\/wp-content\/uploads\/2016\/05\/Foerderverein_neu-200x113.jpg\" alt=\"\"  class=\"align\" \/><\/a><\/span>\u00a0<em>Der F\u00f6rderverein der EKS stellt sich vor:<\/em><\/p>\n<ul>\n<li>1. Vorsitzender: Herr Engelter<\/li>\n<li>2. Vorsitzende: Frau Eberl<\/li>\n<li>Schriftf\u00fchrerin: Frau Reu\u00dfwig<\/li>\n<li>Finanzen: Frau Qu\u00e4l<\/li>\n<\/ul>\n<div>\n<p>Schicken Sie uns eine <strong>Email<\/strong> an folgende Adresse oder klicken Sie den Button.<br \/>\n<a class=\"button small default\" href=\"mailto:foerderverein@eks-maintal.de\">foerderverein@eks-maintal.de<\/a> oder <a class=\"button small default\" href=\"mailto:Foerderv.EKS@gmail.com\">Foerderv.EKS@gmail.com<\/a><\/p>\n<p>Zum Download der <strong>Satzung<\/strong> bitte auf den blauen Button dr\u00fccken.<br \/>\n<a class=\"button small blue\" href=\"https:\/\/eks-maintal.de\/cms\/wp-content\/uploads\/2016\/03\/Satzung_F\u00f6rderverein-EKS_17.02.2016.pdf\" target=\"_blank\" rel=\"noopener\">Satzung 2016<\/a><\/p>\n<p>Zum Download der <strong>Brosch\u00fcre<\/strong> bitte auf den blauen Button dr\u00fccken.<br \/>\n<a class=\"button small blue\" href=\"https:\/\/eks-maintal.de\/cms\/wp-content\/uploads\/2018\/05\/Brosch\u00fcre-3-doc-2007.pdf\" target=\"_blank\" rel=\"noopener\">Brosch\u00fcre F\u00f6rderverein<\/a><\/p>\n<\/div>","protected":false},"excerpt":{"rendered":"<p>Liebe Eltern, der F\u00f6rderverein der Erich K\u00e4stner-Schule wurde mit dem Ziel gegr\u00fcndet, Projekte zugunsten der Sch\u00fcler\/innen und Schule zu erm\u00f6glichen oder Anschaffungen zu t\u00e4tigen, die es ohne den F\u00f6rderverein nicht geben w\u00fcrde. Helfen Sie uns, dies zu erm\u00f6glichen. Bet\u00e4tigungsfelder: finanzielle Unterst\u00fctzung bei Ausfl\u00fcgen, Klassenfahrten, Studienfahrten (Paris, London), Projektfahrten finanzielle Unterst\u00fctzung bei Anschaffung von Lernmitteln, z.B. [&hellip;]<\/p>\n","protected":false},"author":2,"featured_media":0,"parent":0,"menu_order":0,"comment_status":"closed","ping_status":"closed","template":"","meta":{"footnotes":""},"class_list":["post-80","page","type-page","status-publish","hentry"],"rttpg_featured_image_url":null,"rttpg_author":{"display_name":"admin","author_link":"https:\/\/eks-maintal.de\/cms\/author\/b-jovanovic\/"},"rttpg_comment":0,"rttpg_category":null,"rttpg_excerpt":"Liebe Eltern, der F\u00f6rderverein der Erich K\u00e4stner-Schule wurde mit dem Ziel gegr\u00fcndet, Projekte zugunsten der Sch\u00fcler\/innen und Schule zu erm\u00f6glichen oder Anschaffungen zu t\u00e4tigen, die es ohne den F\u00f6rderverein nicht geben w\u00fcrde. Helfen Sie uns, dies zu erm\u00f6glichen. Bet\u00e4tigungsfelder: finanzielle Unterst\u00fctzung bei Ausfl\u00fcgen, Klassenfahrten, Studienfahrten (Paris, London), Projektfahrten finanzielle Unterst\u00fctzung bei Anschaffung von Lernmitteln, z.B.&hellip;","_links":{"self":[{"href":"https:\/\/eks-maintal.de\/cms\/wp-json\/wp\/v2\/pages\/80","targetHints":{"allow":["GET"]}}],"collection":[{"href":"https:\/\/eks-maintal.de\/cms\/wp-json\/wp\/v2\/pages"}],"about":[{"href":"https:\/\/eks-maintal.de\/cms\/wp-json\/wp\/v2\/types\/page"}],"author":[{"embeddable":true,"href":"https:\/\/eks-maintal.de\/cms\/wp-json\/wp\/v2\/users\/2"}],"replies":[{"embeddable":true,"href":"https:\/\/eks-maintal.de\/cms\/wp-json\/wp\/v2\/comments?post=80"}],"version-history":[{"count":27,"href":"https:\/\/eks-maintal.de\/cms\/wp-json\/wp\/v2\/pages\/80\/revisions"}],"predecessor-version":[{"id":2112,"href":"https:\/\/eks-maintal.de\/cms\/wp-json\/wp\/v2\/pages\/80\/revisions\/2112"}],"wp:attachment":[{"href":"https:\/\/eks-maintal.de\/cms\/wp-json\/wp\/v2\/media?parent=80"}],"curies":[{"name":"wp","href":"https:\/\/api.w.org\/{rel}","templated":true}]}}