{"id":804,"date":"2014-05-07T11:12:46","date_gmt":"2014-05-07T09:12:46","guid":{"rendered":"http:\/\/eks-maintal.de\/cms\/?page_id=804"},"modified":"2019-06-05T12:37:18","modified_gmt":"2019-06-05T10:37:18","slug":"uegos","status":"publish","type":"page","link":"https:\/\/eks-maintal.de\/cms\/uegos\/","title":{"rendered":"\u00dcGOS"},"content":{"rendered":"<p><span style=\"color: #009bdc;\"><strong>\u00dcbergang \/ Versetzung in eine gymnasiale Oberstufe oder ein berufliches Gymnasium<\/strong><\/span><\/p>\n<p><span style=\"text-decoration: underline;\">Mindestvoraussetzungen f\u00fcr die Versetzung \/ \u00dcbergang in die gymnasiale Oberstufe:<\/span><\/p>\n<ul>\n<li>4 Hauptf\u00e4cher: Deutsch, Mathematik, Englisch, Gesellschaftslehre (GL)<\/li>\n<li>alle nicht verkursten F\u00e4cher m\u00fcssen mit der Note 3 benotet sein<\/li>\n<li>Kurszugeh\u00f6rigkeiten:<br \/>\nmindestens 1 x Note 2 in einem E-Kurs + 2 x Note 3 in zwei E-Kursen, darunter m\u00fcssen 2 Hauptf\u00e4cher (D, M, E) sein;<br \/>\nin den Hauptf\u00e4chern Deutsch, Mathematik und Englisch darf nur 1 Grundkurs sein;<br \/>\nalle weiteren E-Kurse m\u00fcssen mindestens mit 4 und alle Grundkurse mit 2 benotet sein;<br \/>\nf\u00fcr das Fach Franz\u00f6sisch gen\u00fcgt im G-Kurs die Note 3<\/li>\n<li><em>f\u00fcr die\u00a0Note 6\u00a0in D, M, E oder GL ist\u00a0kein Ausgleich\u00a0m\u00f6glich<\/em><\/li>\n<\/ul>\n<p style=\"text-align: right;\"><a class=\"button small blue\" href=\"https:\/\/eks-maintal.de\/cms\/abschluesse\">Zur\u00fcck zur \u00dcbersicht<\/a><\/p>","protected":false},"excerpt":{"rendered":"<p>\u00dcbergang \/ Versetzung in eine gymnasiale Oberstufe oder ein berufliches Gymnasium Mindestvoraussetzungen f\u00fcr die Versetzung \/ \u00dcbergang in die gymnasiale Oberstufe: 4 Hauptf\u00e4cher: Deutsch, Mathematik, Englisch, Gesellschaftslehre (GL) alle nicht verkursten F\u00e4cher m\u00fcssen mit der Note 3 benotet sein Kurszugeh\u00f6rigkeiten: mindestens 1 x Note 2 in einem E-Kurs + 2 x Note 3 in zwei [&hellip;]<\/p>\n","protected":false},"author":2,"featured_media":0,"parent":0,"menu_order":0,"comment_status":"closed","ping_status":"closed","template":"","meta":{"footnotes":""},"class_list":["post-804","page","type-page","status-publish","hentry"],"rttpg_featured_image_url":null,"rttpg_author":{"display_name":"admin","author_link":"https:\/\/eks-maintal.de\/cms\/author\/b-jovanovic\/"},"rttpg_comment":0,"rttpg_category":null,"rttpg_excerpt":"\u00dcbergang \/ Versetzung in eine gymnasiale Oberstufe oder ein berufliches Gymnasium Mindestvoraussetzungen f\u00fcr die Versetzung \/ \u00dcbergang in die gymnasiale Oberstufe: 4 Hauptf\u00e4cher: Deutsch, Mathematik, Englisch, Gesellschaftslehre (GL) alle nicht verkursten F\u00e4cher m\u00fcssen mit der Note 3 benotet sein Kurszugeh\u00f6rigkeiten: mindestens 1 x Note 2 in einem E-Kurs + 2 x Note 3 in zwei&hellip;","_links":{"self":[{"href":"https:\/\/eks-maintal.de\/cms\/wp-json\/wp\/v2\/pages\/804","targetHints":{"allow":["GET"]}}],"collection":[{"href":"https:\/\/eks-maintal.de\/cms\/wp-json\/wp\/v2\/pages"}],"about":[{"href":"https:\/\/eks-maintal.de\/cms\/wp-json\/wp\/v2\/types\/page"}],"author":[{"embeddable":true,"href":"https:\/\/eks-maintal.de\/cms\/wp-json\/wp\/v2\/users\/2"}],"replies":[{"embeddable":true,"href":"https:\/\/eks-maintal.de\/cms\/wp-json\/wp\/v2\/comments?post=804"}],"version-history":[{"count":5,"href":"https:\/\/eks-maintal.de\/cms\/wp-json\/wp\/v2\/pages\/804\/revisions"}],"predecessor-version":[{"id":3613,"href":"https:\/\/eks-maintal.de\/cms\/wp-json\/wp\/v2\/pages\/804\/revisions\/3613"}],"wp:attachment":[{"href":"https:\/\/eks-maintal.de\/cms\/wp-json\/wp\/v2\/media?parent=804"}],"curies":[{"name":"wp","href":"https:\/\/api.w.org\/{rel}","templated":true}]}}