{"id":806,"date":"2014-05-07T11:16:24","date_gmt":"2014-05-07T09:16:24","guid":{"rendered":"http:\/\/eks-maintal.de\/cms\/?page_id=806"},"modified":"2019-06-05T12:36:31","modified_gmt":"2019-06-05T10:36:31","slug":"a10","status":"publish","type":"page","link":"https:\/\/eks-maintal.de\/cms\/a10\/","title":{"rendered":"Realschulabschluss"},"content":{"rendered":"<ul>\n<li><strong>Realschulabschluss<\/strong> auf Grundlage einer Pr\u00e4sentationspr\u00fcfung und den schriftlichen Pr\u00fcfungen in Deutsch, Mathematik und Englisch (Notendurchschnitt besser als 4,4)<\/li>\n<li><strong>Qualifizierende Realschulabschluss<\/strong> auf Grundlage einer Pr\u00e4sentationspr\u00fcfung und den schriftlichen Pr\u00fcfungen in Deutsch, Mathematik und Englisch (Notendurchschnitt besser als 3,0<b> <\/b>in den F\u00e4chern Deutsch, Mathematik, Englisch und einer Naturwissenschaft sowie in allen \u00fcbrigen F\u00e4chern gleichfalls besser als 3,0)<\/li>\n<\/ul>\n<p><span style=\"text-decoration: underline;\">Mindestvoraussetzungen f\u00fcr den Realschulabschluss:<\/span><\/p>\n<ul>\n<li>4 Hauptf\u00e4cher: Deutsch, Englisch, Mathematik, Gesellschaftslehre (GL)<\/li>\n<li>in nicht verkursten F\u00e4chern: mindestens 2 x Note 3, sonst gen\u00fcgt die Note 4<\/li>\n<li><span style=\"text-decoration: underline;\">Kurszugeh\u00f6rigkeiten:<\/span><br \/>\nmindestens 2 x Note 4 in zwei E-Kursen, darunter muss 1 Hauptfach (D, M, E) sein; alle weiteren E-Kurse m\u00fcssen mindestens mit 4 und alle G- Kurse mit 3 benotet sein; f\u00fcr das Fach Franz\u00f6sisch gen\u00fcgt im G-Kurs die Note 4<\/li>\n<li><em>f\u00fcr die\u00a0Note 6\u00a0in D, M, E oder GL ist\u00a0kein Ausgleich m\u00f6glich<\/em><\/li>\n<\/ul>\n<p style=\"text-align: right;\"><a class=\"button small blue\" href=\"https:\/\/eks-maintal.de\/cms\/abschluesse\">Zur\u00fcck zur \u00dcbersicht<\/a><\/p>","protected":false},"excerpt":{"rendered":"<p>Realschulabschluss auf Grundlage einer Pr\u00e4sentationspr\u00fcfung und den schriftlichen Pr\u00fcfungen in Deutsch, Mathematik und Englisch (Notendurchschnitt besser als 4,4) Qualifizierende Realschulabschluss auf Grundlage einer Pr\u00e4sentationspr\u00fcfung und den schriftlichen Pr\u00fcfungen in Deutsch, Mathematik und Englisch (Notendurchschnitt besser als 3,0 in den F\u00e4chern Deutsch, Mathematik, Englisch und einer Naturwissenschaft sowie in allen \u00fcbrigen F\u00e4chern gleichfalls besser als 3,0) [&hellip;]<\/p>\n","protected":false},"author":2,"featured_media":0,"parent":0,"menu_order":0,"comment_status":"closed","ping_status":"closed","template":"","meta":{"footnotes":""},"class_list":["post-806","page","type-page","status-publish","hentry"],"rttpg_featured_image_url":null,"rttpg_author":{"display_name":"admin","author_link":"https:\/\/eks-maintal.de\/cms\/author\/b-jovanovic\/"},"rttpg_comment":0,"rttpg_category":null,"rttpg_excerpt":"Realschulabschluss auf Grundlage einer Pr\u00e4sentationspr\u00fcfung und den schriftlichen Pr\u00fcfungen in Deutsch, Mathematik und Englisch (Notendurchschnitt besser als 4,4) Qualifizierende Realschulabschluss auf Grundlage einer Pr\u00e4sentationspr\u00fcfung und den schriftlichen Pr\u00fcfungen in Deutsch, Mathematik und Englisch (Notendurchschnitt besser als 3,0 in den F\u00e4chern Deutsch, Mathematik, Englisch und einer Naturwissenschaft sowie in allen \u00fcbrigen F\u00e4chern gleichfalls besser als 3,0)&hellip;","_links":{"self":[{"href":"https:\/\/eks-maintal.de\/cms\/wp-json\/wp\/v2\/pages\/806","targetHints":{"allow":["GET"]}}],"collection":[{"href":"https:\/\/eks-maintal.de\/cms\/wp-json\/wp\/v2\/pages"}],"about":[{"href":"https:\/\/eks-maintal.de\/cms\/wp-json\/wp\/v2\/types\/page"}],"author":[{"embeddable":true,"href":"https:\/\/eks-maintal.de\/cms\/wp-json\/wp\/v2\/users\/2"}],"replies":[{"embeddable":true,"href":"https:\/\/eks-maintal.de\/cms\/wp-json\/wp\/v2\/comments?post=806"}],"version-history":[{"count":6,"href":"https:\/\/eks-maintal.de\/cms\/wp-json\/wp\/v2\/pages\/806\/revisions"}],"predecessor-version":[{"id":3612,"href":"https:\/\/eks-maintal.de\/cms\/wp-json\/wp\/v2\/pages\/806\/revisions\/3612"}],"wp:attachment":[{"href":"https:\/\/eks-maintal.de\/cms\/wp-json\/wp\/v2\/media?parent=806"}],"curies":[{"name":"wp","href":"https:\/\/api.w.org\/{rel}","templated":true}]}}