{"id":808,"date":"2014-05-07T11:27:11","date_gmt":"2014-05-07T09:27:11","guid":{"rendered":"http:\/\/eks-maintal.de\/cms\/?page_id=808"},"modified":"2019-06-05T12:34:51","modified_gmt":"2019-06-05T10:34:51","slug":"a9","status":"publish","type":"page","link":"https:\/\/eks-maintal.de\/cms\/a9\/","title":{"rendered":"Hauptschulabschluss"},"content":{"rendered":"<ul>\n<li><strong>Hauptschulabschluss<\/strong> auf Grundlage einer Projektpr\u00fcfung und den schriftlichen Pr\u00fcfungen in Deutsch und Mathematik (Notendurchschnitt besser als 4,4)<\/li>\n<li><strong>Qualifizierende Hauptschulabschluss<\/strong>\u00a0auf Grundlage einer Projektpr\u00fcfung und den schriftlichen Pr\u00fcfungen in Deutsch, Mathematik und Englisch\u00a0(Notendurchschnitt besser als 3,0)<\/li>\n<\/ul>\n<p><span style=\"text-decoration: underline;\">Mindestvoraussetzungen f\u00fcr den Hauptschulabschluss:<\/span><\/p>\n<ul>\n<li>3 Hauptf\u00e4cher: Deutsch, Mathematik, Gesellschaftslehre (GL)<\/li>\n<li><span style=\"text-decoration: underline;\">Kurszugeh\u00f6rigkeit<\/span>: G-Kurse<\/li>\n<li>alle unverkursten und verkursten F\u00e4cher m\u00fcssen mindestens mit der Note 4 (ausreichend) benotet sein<\/li>\n<li>die Englischnote z\u00e4hlt als Nebenfach<\/li>\n<li><em>die Note 5 (oder 6) ist nur 1x unter den F\u00e4chern Deutsch, Mathe, GL ausgleichbar<\/em><\/li>\n<\/ul>\n<p style=\"text-align: right;\"><a class=\"button small blue\" href=\"https:\/\/eks-maintal.de\/cms\/abschluesse\">Zur\u00fcck zur \u00dcbersicht<\/a><\/p>","protected":false},"excerpt":{"rendered":"<p>Hauptschulabschluss auf Grundlage einer Projektpr\u00fcfung und den schriftlichen Pr\u00fcfungen in Deutsch und Mathematik (Notendurchschnitt besser als 4,4) Qualifizierende Hauptschulabschluss\u00a0auf Grundlage einer Projektpr\u00fcfung und den schriftlichen Pr\u00fcfungen in Deutsch, Mathematik und Englisch\u00a0(Notendurchschnitt besser als 3,0) Mindestvoraussetzungen f\u00fcr den Hauptschulabschluss: 3 Hauptf\u00e4cher: Deutsch, Mathematik, Gesellschaftslehre (GL) Kurszugeh\u00f6rigkeit: G-Kurse alle unverkursten und verkursten F\u00e4cher m\u00fcssen mindestens mit der [&hellip;]<\/p>\n","protected":false},"author":2,"featured_media":0,"parent":0,"menu_order":0,"comment_status":"closed","ping_status":"closed","template":"","meta":{"footnotes":""},"class_list":["post-808","page","type-page","status-publish","hentry"],"rttpg_featured_image_url":null,"rttpg_author":{"display_name":"admin","author_link":"https:\/\/eks-maintal.de\/cms\/author\/b-jovanovic\/"},"rttpg_comment":0,"rttpg_category":null,"rttpg_excerpt":"Hauptschulabschluss auf Grundlage einer Projektpr\u00fcfung und den schriftlichen Pr\u00fcfungen in Deutsch und Mathematik (Notendurchschnitt besser als 4,4) Qualifizierende Hauptschulabschluss\u00a0auf Grundlage einer Projektpr\u00fcfung und den schriftlichen Pr\u00fcfungen in Deutsch, Mathematik und Englisch\u00a0(Notendurchschnitt besser als 3,0) Mindestvoraussetzungen f\u00fcr den Hauptschulabschluss: 3 Hauptf\u00e4cher: Deutsch, Mathematik, Gesellschaftslehre (GL) Kurszugeh\u00f6rigkeit: G-Kurse alle unverkursten und verkursten F\u00e4cher m\u00fcssen mindestens mit der&hellip;","_links":{"self":[{"href":"https:\/\/eks-maintal.de\/cms\/wp-json\/wp\/v2\/pages\/808","targetHints":{"allow":["GET"]}}],"collection":[{"href":"https:\/\/eks-maintal.de\/cms\/wp-json\/wp\/v2\/pages"}],"about":[{"href":"https:\/\/eks-maintal.de\/cms\/wp-json\/wp\/v2\/types\/page"}],"author":[{"embeddable":true,"href":"https:\/\/eks-maintal.de\/cms\/wp-json\/wp\/v2\/users\/2"}],"replies":[{"embeddable":true,"href":"https:\/\/eks-maintal.de\/cms\/wp-json\/wp\/v2\/comments?post=808"}],"version-history":[{"count":8,"href":"https:\/\/eks-maintal.de\/cms\/wp-json\/wp\/v2\/pages\/808\/revisions"}],"predecessor-version":[{"id":3611,"href":"https:\/\/eks-maintal.de\/cms\/wp-json\/wp\/v2\/pages\/808\/revisions\/3611"}],"wp:attachment":[{"href":"https:\/\/eks-maintal.de\/cms\/wp-json\/wp\/v2\/media?parent=808"}],"curies":[{"name":"wp","href":"https:\/\/api.w.org\/{rel}","templated":true}]}}