{"id":101,"date":"2021-03-23T19:12:33","date_gmt":"2021-03-23T18:12:33","guid":{"rendered":"https:\/\/eks-maintal.de\/home\/?page_id=101"},"modified":"2021-03-30T20:42:56","modified_gmt":"2021-03-30T18:42:56","slug":"7-8","status":"publish","type":"page","link":"https:\/\/eks-maintal.de\/home\/7-8\/","title":{"rendered":"7\/8"},"content":{"rendered":"\n<p>Im Jahrgang 7 m\u00fcssen alle Sch\u00fclerinnen und Sch\u00fcler eine Entscheidung im Hinblick auf die Wahl eines weiteren Unterrichtsfaches f\u00fcr die n\u00e4chsten zwei, drei oder vier Jahre f\u00e4llen. M\u00f6glich ist als zweite Fremdsprache das Fach Franz\u00f6sisch (4-st\u00fcndig)* oder aber aus dem Arbeitslehrebereich halbj\u00e4hrlich wechselnde 3-st\u00fcndige Arbeitslehrekurse. In diesen Kursen arbeiten die Sch\u00fclerInnen mit unterschiedlichen Materialien wie Holz, Metall, Papier, Ton u.a. Sie lernen dabei auch Arbeitsbereiche kennen, in denen diese Werkstoffe eine Rolle spielen. Zus\u00e4tzlich bieten wir einen Kurs aus dem Bereich Ern\u00e4hrung und K\u00fcche an und im 8. Jahrgang erg\u00e4nzend einen Sanit\u00e4tskurs.<\/p>\n\n\n\n<p>Alle Angebote aus dem Arbeitslehrebereich dienen den Sch\u00fclerinnen und Sch\u00fclern bereits vorhandene Kompetenzen einzubringen, neue zu entwickeln, F\u00e4higkeiten und Fertigkeiten zu erkennen und auszubauen und in der Hinf\u00fchrung auf die Arbeitswelt und sp\u00e4tere Berufswahl verschiedene Berufsfelder kennen zu lernen.<\/p>\n","protected":false},"excerpt":{"rendered":"<p>Im Jahrgang 7 m\u00fcssen alle Sch\u00fclerinnen und Sch\u00fcler eine Entscheidung im Hinblick auf die Wahl eines weiteren Unterrichtsfaches f\u00fcr die n\u00e4chsten zwei, drei oder vier Jahre f\u00e4llen. M\u00f6glich ist als zweite Fremdsprache das Fach Franz\u00f6sisch (4-st\u00fcndig)* oder aber aus dem Arbeitslehrebereich halbj\u00e4hrlich wechselnde 3-st\u00fcndige Arbeitslehrekurse. In diesen Kursen arbeiten die Sch\u00fclerInnen mit unterschiedlichen Materialien wie [&hellip;]<\/p>\n","protected":false},"author":1,"featured_media":0,"parent":0,"menu_order":0,"comment_status":"closed","ping_status":"closed","template":"","meta":{"footnotes":""},"class_list":["post-101","page","type-page","status-publish","hentry"],"_links":{"self":[{"href":"https:\/\/eks-maintal.de\/home\/wp-json\/wp\/v2\/pages\/101","targetHints":{"allow":["GET"]}}],"collection":[{"href":"https:\/\/eks-maintal.de\/home\/wp-json\/wp\/v2\/pages"}],"about":[{"href":"https:\/\/eks-maintal.de\/home\/wp-json\/wp\/v2\/types\/page"}],"author":[{"embeddable":true,"href":"https:\/\/eks-maintal.de\/home\/wp-json\/wp\/v2\/users\/1"}],"replies":[{"embeddable":true,"href":"https:\/\/eks-maintal.de\/home\/wp-json\/wp\/v2\/comments?post=101"}],"version-history":[{"count":2,"href":"https:\/\/eks-maintal.de\/home\/wp-json\/wp\/v2\/pages\/101\/revisions"}],"predecessor-version":[{"id":350,"href":"https:\/\/eks-maintal.de\/home\/wp-json\/wp\/v2\/pages\/101\/revisions\/350"}],"wp:attachment":[{"href":"https:\/\/eks-maintal.de\/home\/wp-json\/wp\/v2\/media?parent=101"}],"curies":[{"name":"wp","href":"https:\/\/api.w.org\/{rel}","templated":true}]}}