{"id":498,"date":"2025-07-10T13:38:25","date_gmt":"2025-07-10T11:38:25","guid":{"rendered":"https:\/\/eks-maintal.de\/home\/?page_id=498"},"modified":"2025-07-10T13:38:26","modified_gmt":"2025-07-10T11:38:26","slug":"grussworte-der-schulleiterin","status":"publish","type":"page","link":"https:\/\/eks-maintal.de\/home\/grussworte-der-schulleiterin\/","title":{"rendered":"Gru\u00dfworte der Schulleiterin"},"content":{"rendered":"\n<p>Herzlich willkommen auf der Homepage der Erich K\u00e4stner-Schule in Maintal!<br><br>Als neue Schulleiterin dieser wunderbaren Schule freue ich mich sehr, Sie hier begr\u00fc\u00dfen zu d\u00fcrfen. Unsere Schule ist ein Ort des Lernens, der Entfaltung und der Gemeinschaft. Wir legen gro\u00dfen Wert darauf, eine positive und unterst\u00fctzende Atmosph\u00e4re zu schaffen, in der unsere Sch\u00fclerinnen und Sch\u00fcler nicht nur Wissen erlangen, sondern auch ihre pers\u00f6nlichen St\u00e4rken entdecken und entfalten k\u00f6nnen.<br><br>Unser engagiertes Team aus Lehrkr\u00e4ften und Mitarbeitenden setzt sich mit viel Leidenschaft daf\u00fcr ein, dass jeder einzelne Sch\u00fcler die bestm\u00f6gliche F\u00f6rderung erh\u00e4lt. Gemeinsam m\u00f6chten wir die Neugier und den Entdeckergeist unserer Kinder wecken und sie auf ihrem Bildungsweg begleiten.<br><br>Auf dieser Homepage finden Sie Informationen \u00fcber unser Schulprofil, unsere Angebote, Aktivit\u00e4ten und viele spannende Projekte, die wir regelm\u00e4\u00dfig durchf\u00fchren. Ich lade Sie ein, sich umzusehen und mehr \u00fcber unsere Schule zu erfahren.<br><br>Ich freue mich auf eine erfolgreiche Zeit voller gemeinsamer Erlebnisse und Herausforderungen. Lassen Sie uns zusammenarbeiten, um unsere Schule zu einem Ort zu machen, an dem Lernen Freude bereitet und jeder Einzelne wertgesch\u00e4tzt wird.<br><br>Herzliche Gr\u00fc\u00dfe,<br><br>Stefanie Thor<br>Schulleiterin&nbsp;<\/p>\n","protected":false},"excerpt":{"rendered":"<p>Herzlich willkommen auf der Homepage der Erich K\u00e4stner-Schule in Maintal! Als neue Schulleiterin dieser wunderbaren Schule freue ich mich sehr, Sie hier begr\u00fc\u00dfen zu d\u00fcrfen. Unsere Schule ist ein Ort des Lernens, der Entfaltung und der Gemeinschaft. Wir legen gro\u00dfen Wert darauf, eine positive und unterst\u00fctzende Atmosph\u00e4re zu schaffen, in der unsere Sch\u00fclerinnen und Sch\u00fcler [&hellip;]<\/p>\n","protected":false},"author":1,"featured_media":0,"parent":0,"menu_order":0,"comment_status":"closed","ping_status":"closed","template":"","meta":{"footnotes":""},"class_list":["post-498","page","type-page","status-publish","hentry"],"_links":{"self":[{"href":"https:\/\/eks-maintal.de\/home\/wp-json\/wp\/v2\/pages\/498","targetHints":{"allow":["GET"]}}],"collection":[{"href":"https:\/\/eks-maintal.de\/home\/wp-json\/wp\/v2\/pages"}],"about":[{"href":"https:\/\/eks-maintal.de\/home\/wp-json\/wp\/v2\/types\/page"}],"author":[{"embeddable":true,"href":"https:\/\/eks-maintal.de\/home\/wp-json\/wp\/v2\/users\/1"}],"replies":[{"embeddable":true,"href":"https:\/\/eks-maintal.de\/home\/wp-json\/wp\/v2\/comments?post=498"}],"version-history":[{"count":1,"href":"https:\/\/eks-maintal.de\/home\/wp-json\/wp\/v2\/pages\/498\/revisions"}],"predecessor-version":[{"id":499,"href":"https:\/\/eks-maintal.de\/home\/wp-json\/wp\/v2\/pages\/498\/revisions\/499"}],"wp:attachment":[{"href":"https:\/\/eks-maintal.de\/home\/wp-json\/wp\/v2\/media?parent=498"}],"curies":[{"name":"wp","href":"https:\/\/api.w.org\/{rel}","templated":true}]}}