{"id":564,"date":"2025-08-28T12:21:27","date_gmt":"2025-08-28T10:21:27","guid":{"rendered":"https:\/\/eks-maintal.de\/home\/?page_id=564"},"modified":"2025-08-28T12:45:57","modified_gmt":"2025-08-28T10:45:57","slug":"alumniclub","status":"publish","type":"page","link":"https:\/\/eks-maintal.de\/home\/alumniclub\/","title":{"rendered":"AlumniClub"},"content":{"rendered":"\n<p class=\"has-large-font-size\"><strong>AlumniClub der Erich K\u00e4stner-Schule Maintal<\/strong><\/p>\n\n\n\n<p>Der <strong>AlumniClub<\/strong> der Erich K\u00e4stner-Schule bietet ehemaligen Sch\u00fclerinnen und Sch\u00fclern die M\u00f6glichkeit, auch nach dem Schulabschluss mit ihrer fr\u00fcheren Schule in Kontakt zu bleiben. Ziel ist es, ein starkes Netzwerk ehemaliger Mitglieder der Schulgemeinschaft aufzubauen und die Verbindung zur EKS langfristig zu erhalten.<\/p>\n\n\n\n<p>Mitglied im AlumniClub zu sein bedeutet:<\/p>\n\n\n\n<ul class=\"wp-block-list\">\n<li>\u00fcber aktuelle Entwicklungen und Projekte an der Schule informiert zu bleiben,<\/li>\n\n\n\n<li>Einladungen zu besonderen schulischen Veranstaltungen und Events (z.\u202fB. Jubil\u00e4en, Ehemaligentreffen, Vortr\u00e4ge oder Berufsorientierungsveranstaltungen) zu erhalten,<\/li>\n\n\n\n<li>die M\u00f6glichkeit, eigene Erfahrungen an j\u00fcngere Sch\u00fclerinnen und Sch\u00fcler weiterzugeben und sie auf ihrem Weg zu unterst\u00fctzen.<\/li>\n<\/ul>\n\n\n\n<p>Die Anmeldung ist kostenlos und freiwillig.<\/p>\n\n\n\n<p><strong>M\u00f6chtest du Teil dieses Netzwerks werden?<\/strong><br>Dann klicke auf das Anmeldeformular, f\u00fclle es aus und sende es entweder<\/p>\n\n\n\n<p><em>postalisch an:<\/em><br>Erich K\u00e4stner-Schule<br>z.\u202fHd. Meryem Yesilova<br>Adalbert-Stifter-Stra\u00dfe 51<br>63477 Maintal<\/p>\n\n\n\n<p><em>oder per E-Mail an:<\/em><br><a href=\"mailto:meryem.yesilova@schule.mkk.de\">meryem.yesilova@schule.mkk.de<\/a><\/p>\n\n\n\n<p style=\"font-size:16px\">Wir freuen uns \u00fcber alle Ehemaligen, die auch nach ihrem Abschluss mit der Erich K\u00e4stner-Schule verbunden bleiben m\u00f6chten!<\/p>\n\n\n\n<div class=\"wp-block-buttons is-content-justification-center is-layout-flex wp-container-core-buttons-is-layout-8057eaf3 wp-block-buttons-is-layout-flex\"><\/div>\n\n\n\n<div class=\"wp-block-media-text is-stacked-on-mobile\" style=\"grid-template-columns:36% auto\"><figure class=\"wp-block-media-text__media\"><img fetchpriority=\"high\" decoding=\"async\" width=\"600\" height=\"1024\" src=\"https:\/\/eks-maintal.de\/home\/wp-content\/uploads\/2025\/08\/Alumni-Logo-600x1024.png\" alt=\"\" class=\"wp-image-565 size-large\" srcset=\"https:\/\/eks-maintal.de\/home\/wp-content\/uploads\/2025\/08\/Alumni-Logo-600x1024.png 600w, https:\/\/eks-maintal.de\/home\/wp-content\/uploads\/2025\/08\/Alumni-Logo-176x300.png 176w, https:\/\/eks-maintal.de\/home\/wp-content\/uploads\/2025\/08\/Alumni-Logo.png 900w\" sizes=\"(max-width: 600px) 100vw, 600px\" \/><\/figure><div class=\"wp-block-media-text__content\">\n<p><\/p>\n\n\n\n<div class=\"wp-block-buttons is-layout-flex wp-block-buttons-is-layout-flex\">\n<div class=\"wp-block-button\"><a class=\"wp-block-button__link wp-element-button\" href=\"https:\/\/eks-maintal.de\/home\/wp-content\/uploads\/2025\/08\/Anmeldung-zum-AlumniClub-der-Erich-Kaestner-Schule.pdf\">Download Anmeldeformular AlumniClub<\/a><\/div>\n<\/div>\n<\/div><\/div>\n","protected":false},"excerpt":{"rendered":"<p>AlumniClub der Erich K\u00e4stner-Schule Maintal Der AlumniClub der Erich K\u00e4stner-Schule bietet ehemaligen Sch\u00fclerinnen und Sch\u00fclern die M\u00f6glichkeit, auch nach dem Schulabschluss mit ihrer fr\u00fcheren Schule in Kontakt zu bleiben. Ziel ist es, ein starkes Netzwerk ehemaliger Mitglieder der Schulgemeinschaft aufzubauen und die Verbindung zur EKS langfristig zu erhalten. Mitglied im AlumniClub zu sein bedeutet: Die [&hellip;]<\/p>\n","protected":false},"author":1,"featured_media":0,"parent":0,"menu_order":0,"comment_status":"closed","ping_status":"closed","template":"","meta":{"footnotes":""},"class_list":["post-564","page","type-page","status-publish","hentry"],"_links":{"self":[{"href":"https:\/\/eks-maintal.de\/home\/wp-json\/wp\/v2\/pages\/564","targetHints":{"allow":["GET"]}}],"collection":[{"href":"https:\/\/eks-maintal.de\/home\/wp-json\/wp\/v2\/pages"}],"about":[{"href":"https:\/\/eks-maintal.de\/home\/wp-json\/wp\/v2\/types\/page"}],"author":[{"embeddable":true,"href":"https:\/\/eks-maintal.de\/home\/wp-json\/wp\/v2\/users\/1"}],"replies":[{"embeddable":true,"href":"https:\/\/eks-maintal.de\/home\/wp-json\/wp\/v2\/comments?post=564"}],"version-history":[{"count":13,"href":"https:\/\/eks-maintal.de\/home\/wp-json\/wp\/v2\/pages\/564\/revisions"}],"predecessor-version":[{"id":586,"href":"https:\/\/eks-maintal.de\/home\/wp-json\/wp\/v2\/pages\/564\/revisions\/586"}],"wp:attachment":[{"href":"https:\/\/eks-maintal.de\/home\/wp-json\/wp\/v2\/media?parent=564"}],"curies":[{"name":"wp","href":"https:\/\/api.w.org\/{rel}","templated":true}]}}