{"id":627,"date":"2025-10-23T13:10:58","date_gmt":"2025-10-23T11:10:58","guid":{"rendered":"https:\/\/eks-maintal.de\/home\/?page_id=627"},"modified":"2025-10-23T13:21:56","modified_gmt":"2025-10-23T11:21:56","slug":"spanisch","status":"publish","type":"page","link":"https:\/\/eks-maintal.de\/home\/spanisch\/","title":{"rendered":"Spanisch"},"content":{"rendered":"\n<p><\/p>\n\n\n\n<p><strong>Im Fach Spanisch wirst du\u2026<\/strong><\/p>\n\n\n\n<p>\u2026nicht nur eine neue Sprache lernen, sondern auch viel \u00fcber die spanische Kultur erfahren! Du wirst in der Lage sein, dich in allt\u00e4glichen Situationen auf Spanisch zu unterhalten, sei es beim Einkaufen, in einem Restaurant oder bei der Planung einer Reise. Du wirst spannende Texte lesen, neue Vokabeln lernen und deine Grammatikkenntnisse verbessern, sodass du dich immer sicherer in der Sprache f\u00fchlst.<br><\/p>\n\n\n\n<p>Doch wie in jeder Sprache ist auch beim Spanischlernen regelm\u00e4\u00dfiges \u00dcben wichtig. Du wirst Vokabeln lernen m\u00fcssen \u2013 keine Sorge, wir machen das gemeinsam aber du musst auch selbst wiederholen und dranbleiben! Es gibt regelm\u00e4\u00dfige Vokabeltests, die dir helfen, deinen Wortschatz zu erweitern und zu festigen. Aber keine Panik \u2013 es geht nicht nur um \u201eauswendig lernen\u201c, sondern auch darum, dass du die Vokabeln aktiv in Gespr\u00e4chen und Texten anwenden kannst!<\/p>\n\n\n\n<p>Im Unterricht wirst du auch spannende Dialoge und Rollenspiele durchf\u00fchren, bei denen du die Sprache in realen Situationen \u00fcbst. Das macht nicht nur Spa\u00df, sondern hilft dir, die Sprache wirklich zu beherrschen. Du wirst Texte lesen, um dein Textverst\u00e4ndnis zu verbessern, und H\u00f6rverstehensaufgaben helfen dir, dich an die spanische Aussprache zu gew\u00f6hnen.<\/p>\n\n\n\n<p>Und nat\u00fcrlich geh\u00f6rt auch das Schreiben dazu! Du wirst \u00fcbersetzen, kurze Texte verfassen und Klassenarbeiten schreiben, um deinen Fortschritt zu \u00fcberpr\u00fcfen. Aber keine Sorge, wir bereiten uns gut darauf vor!<\/p>\n\n\n\n<p>Ein weiteres Highlight: Vielleicht hast du ja Lust, mit deinem Spanischkurs eine Reise nach Barcelona zu machen! Dort kannst du das, was du gelernt hast, direkt anwenden und die spanische Kultur hautnah erleben. Aber: Um all das zu schaffen, musst du dich auch aktiv beteiligen. Deine m\u00fcndliche Mitarbeit ist wichtig! Du solltest dich regelm\u00e4\u00dfig im Unterricht einbringen, sei es bei<\/p>\n\n\n\n<p>Diskussionen oder bei den Hausaufgaben. Die Qualit\u00e4t deiner Beitr\u00e4ge z\u00e4hlt genauso wie die H\u00e4ufigkeit \u2013 und du wirst merken, wie viel du beim Sprechen und H\u00f6ren lernst! Kurz gesagt: Im Fach Spanisch wirst du viel Neues lernen und deine Sprachkenntnisse erweitern. Es wird abwechslungsreich und spannend, aber auch erfordert es regelm\u00e4\u00dfiges \u00dcben und Engagement von dir. Wenn du Spa\u00df daran hast, eine neue Sprache zu lernen und dich f\u00fcr die spanische Kultur interessierst, dann ist Spanisch genau das Richtige f\u00fcr dich!<\/p>\n","protected":false},"excerpt":{"rendered":"<p>Im Fach Spanisch wirst du\u2026 \u2026nicht nur eine neue Sprache lernen, sondern auch viel \u00fcber die spanische Kultur erfahren! Du wirst in der Lage sein, dich in allt\u00e4glichen Situationen auf Spanisch zu unterhalten, sei es beim Einkaufen, in einem Restaurant oder bei der Planung einer Reise. Du wirst spannende Texte lesen, neue Vokabeln lernen und [&hellip;]<\/p>\n","protected":false},"author":1,"featured_media":642,"parent":0,"menu_order":0,"comment_status":"closed","ping_status":"closed","template":"","meta":{"footnotes":""},"class_list":["post-627","page","type-page","status-publish","has-post-thumbnail","hentry"],"_links":{"self":[{"href":"https:\/\/eks-maintal.de\/home\/wp-json\/wp\/v2\/pages\/627","targetHints":{"allow":["GET"]}}],"collection":[{"href":"https:\/\/eks-maintal.de\/home\/wp-json\/wp\/v2\/pages"}],"about":[{"href":"https:\/\/eks-maintal.de\/home\/wp-json\/wp\/v2\/types\/page"}],"author":[{"embeddable":true,"href":"https:\/\/eks-maintal.de\/home\/wp-json\/wp\/v2\/users\/1"}],"replies":[{"embeddable":true,"href":"https:\/\/eks-maintal.de\/home\/wp-json\/wp\/v2\/comments?post=627"}],"version-history":[{"count":3,"href":"https:\/\/eks-maintal.de\/home\/wp-json\/wp\/v2\/pages\/627\/revisions"}],"predecessor-version":[{"id":644,"href":"https:\/\/eks-maintal.de\/home\/wp-json\/wp\/v2\/pages\/627\/revisions\/644"}],"wp:featuredmedia":[{"embeddable":true,"href":"https:\/\/eks-maintal.de\/home\/wp-json\/wp\/v2\/media\/642"}],"wp:attachment":[{"href":"https:\/\/eks-maintal.de\/home\/wp-json\/wp\/v2\/media?parent=627"}],"curies":[{"name":"wp","href":"https:\/\/api.w.org\/{rel}","templated":true}]}}