{"id":629,"date":"2025-10-23T13:11:18","date_gmt":"2025-10-23T11:11:18","guid":{"rendered":"https:\/\/eks-maintal.de\/home\/?page_id=629"},"modified":"2025-10-23T13:15:34","modified_gmt":"2025-10-23T11:15:34","slug":"sport","status":"publish","type":"page","link":"https:\/\/eks-maintal.de\/home\/sport\/","title":{"rendered":"Sport"},"content":{"rendered":"\n<p>Der Sportfachbereich der Erich-K\u00e4stner-Schule ist vielf\u00e4ltig und gut ausgestattet. Den Sch\u00fclerinnen und Sch\u00fclern stehen zwei moderne Sporthallen zur Verf\u00fcgung: eine gro\u00dfe Dreifeldhalle, die optimale Bedingungen f\u00fcr verschiedene Mannschaftssportarten bietet, sowie eine kleinere Sporthalle f\u00fcr den Unterricht in \u00fcberschaubaren Gruppen.<\/p>\n\n\n\n<p>Das Sportkollegium besteht aus insgesamt sieben Lehrkr\u00e4ften \u2013 drei Sportlehrerinnen und vier Sportlehrern \u2013, die mit gro\u00dfem Engagement ein abwechslungsreiches und motivierendes Sportprogramm gestalten.<\/p>\n\n\n\n<p>Im Jahrgang 5 liegt der Schwerpunkt auf dem Schwimmunterricht, um die Wasserkompetenz der Kinder zu f\u00f6rdern. In den h\u00f6heren Jahrg\u00e4ngen wird eine gro\u00dfe Bandbreite an Sportarten unterrichtet \u2013 von klassischen Mannschaftssportarten \u00fcber Leichtathletik bis hin zu Trendsportarten.<\/p>\n\n\n\n<p>Besonders in den Jahrg\u00e4ngen 9 und 10 haben die Sch\u00fclerinnen und Sch\u00fcler die M\u00f6glichkeit, individuelle Sportkurse zu w\u00e4hlen, wodurch sie ihre pers\u00f6nlichen Interessen und St\u00e4rken gezielt einbringen k\u00f6nnen.<\/p>\n\n\n\n<p>Ein absolutes Highlight des Schuljahres ist die Wintersportwoche im Jahrgang 7, die traditionell eine Woche in \u00d6sterreich stattfindet. Die Skilehrer sind Sportlehrkr\u00e4fte der Schule, die eine spezielle Ausbildung zum Schulskilehrer absolviert haben.<\/p>\n\n\n\n<p>Erg\u00e4nzt wird der regul\u00e4re Sportunterricht durch zahlreiche Nachmittagsangebote in Arbeitsgemeinschaften (AGs), die den Sch\u00fclerinnen und Sch\u00fclern zus\u00e4tzliche Bewegungs- und Sportm\u00f6glichkeiten bieten.<\/p>\n","protected":false},"excerpt":{"rendered":"<p>Der Sportfachbereich der Erich-K\u00e4stner-Schule ist vielf\u00e4ltig und gut ausgestattet. Den Sch\u00fclerinnen und Sch\u00fclern stehen zwei moderne Sporthallen zur Verf\u00fcgung: eine gro\u00dfe Dreifeldhalle, die optimale Bedingungen f\u00fcr verschiedene Mannschaftssportarten bietet, sowie eine kleinere Sporthalle f\u00fcr den Unterricht in \u00fcberschaubaren Gruppen. Das Sportkollegium besteht aus insgesamt sieben Lehrkr\u00e4ften \u2013 drei Sportlehrerinnen und vier Sportlehrern \u2013, die mit [&hellip;]<\/p>\n","protected":false},"author":1,"featured_media":0,"parent":0,"menu_order":0,"comment_status":"closed","ping_status":"closed","template":"","meta":{"footnotes":""},"class_list":["post-629","page","type-page","status-publish","hentry"],"_links":{"self":[{"href":"https:\/\/eks-maintal.de\/home\/wp-json\/wp\/v2\/pages\/629","targetHints":{"allow":["GET"]}}],"collection":[{"href":"https:\/\/eks-maintal.de\/home\/wp-json\/wp\/v2\/pages"}],"about":[{"href":"https:\/\/eks-maintal.de\/home\/wp-json\/wp\/v2\/types\/page"}],"author":[{"embeddable":true,"href":"https:\/\/eks-maintal.de\/home\/wp-json\/wp\/v2\/users\/1"}],"replies":[{"embeddable":true,"href":"https:\/\/eks-maintal.de\/home\/wp-json\/wp\/v2\/comments?post=629"}],"version-history":[{"count":2,"href":"https:\/\/eks-maintal.de\/home\/wp-json\/wp\/v2\/pages\/629\/revisions"}],"predecessor-version":[{"id":639,"href":"https:\/\/eks-maintal.de\/home\/wp-json\/wp\/v2\/pages\/629\/revisions\/639"}],"wp:attachment":[{"href":"https:\/\/eks-maintal.de\/home\/wp-json\/wp\/v2\/media?parent=629"}],"curies":[{"name":"wp","href":"https:\/\/api.w.org\/{rel}","templated":true}]}}