{"id":633,"date":"2025-10-23T13:12:54","date_gmt":"2025-10-23T11:12:54","guid":{"rendered":"https:\/\/eks-maintal.de\/home\/?page_id=633"},"modified":"2025-10-23T13:41:16","modified_gmt":"2025-10-23T11:41:16","slug":"lrs","status":"publish","type":"page","link":"https:\/\/eks-maintal.de\/home\/lrs\/","title":{"rendered":"LRS"},"content":{"rendered":"\n<p><strong>Unser Grundgedanke&nbsp; &nbsp;&nbsp;&nbsp;&nbsp;&nbsp;&nbsp;&nbsp;&nbsp;&nbsp;&nbsp;&nbsp;&nbsp;&nbsp;&nbsp;&nbsp;&nbsp;&nbsp;&nbsp;&nbsp;&nbsp;&nbsp;&nbsp;&nbsp;&nbsp;&nbsp;&nbsp;&nbsp;&nbsp;&nbsp;&nbsp;&nbsp;&nbsp;&nbsp;&nbsp;&nbsp;&nbsp;&nbsp;&nbsp;&nbsp;&nbsp;&nbsp;&nbsp;&nbsp;&nbsp;&nbsp; &nbsp;&nbsp;&nbsp;&nbsp;&nbsp;<\/strong><strong><\/strong><\/p>\n\n\n\n<p>Jede Sch\u00fclerin und jeder Sch\u00fcler hat das Recht, individuell gef\u00f6rdert zu werden, insbesondere bei andauernden Schwierigkeiten beim Erlernen und beim Gebrauch der Schriftsprache. Dieser Leitsatz ist fester Bestandteil unseres F\u00f6rderkonzeptes.<\/p>\n\n\n\n<p>Unser Ziel ist es\u2026<\/p>\n\n\n\n<ul class=\"wp-block-list\">\n<li>den Unterst\u00fctzungsbedarf der Sch\u00fclerin\/ des Sch\u00fclers festzustellen.<\/li>\n\n\n\n<li>die Sch\u00fclerin\/ den Sch\u00fcler individuell zu begleiten.<\/li>\n\n\n\n<li>die Sch\u00fclerin\/ den Sch\u00fcler in seiner sprachlichen Entwicklung in Kooperation mit Eltern, Lehrern und ggf. Therapeuten zu st\u00e4rken.<\/li>\n\n\n\n<li>das selbstverantwortliche Lernen nach dem Motto \u201eIch helfe mir selbst\u201c zu f\u00f6rdern und zu fordern.<\/li>\n\n\n\n<li>den eigenst\u00e4ndigen Lernzuwachs sichtbar zu machen.<\/li>\n<\/ul>\n\n\n\n<p>Das Konzept stellt einen Handlungsrahmen dar, der mithilfe aller Beteiligten immer wieder neu gedacht und weiterentwickelt wird.<\/p>\n\n\n\n<p>Zum Download des gesamten LRS-Konzepts in PDF-Form bitte auf den Button klicken.<\/p>\n\n\n\n<div class=\"wp-block-buttons is-layout-flex wp-block-buttons-is-layout-flex\">\n<div class=\"wp-block-button\"><a class=\"wp-block-button__link wp-element-button\" href=\"https:\/\/eks-maintal.de\/home\/wp-content\/uploads\/2025\/10\/LRS-Konzept-EKS-Maintal.pdf\">LRS-Konzept Download<\/a><\/div>\n<\/div>\n","protected":false},"excerpt":{"rendered":"<p>Unser Grundgedanke&nbsp; &nbsp;&nbsp;&nbsp;&nbsp;&nbsp;&nbsp;&nbsp;&nbsp;&nbsp;&nbsp;&nbsp;&nbsp;&nbsp;&nbsp;&nbsp;&nbsp;&nbsp;&nbsp;&nbsp;&nbsp;&nbsp;&nbsp;&nbsp;&nbsp;&nbsp;&nbsp;&nbsp;&nbsp;&nbsp;&nbsp;&nbsp;&nbsp;&nbsp;&nbsp;&nbsp;&nbsp;&nbsp;&nbsp;&nbsp;&nbsp;&nbsp;&nbsp;&nbsp;&nbsp;&nbsp; &nbsp;&nbsp;&nbsp;&nbsp;&nbsp; Jede Sch\u00fclerin und jeder Sch\u00fcler hat das Recht, individuell gef\u00f6rdert zu werden, insbesondere bei andauernden Schwierigkeiten beim Erlernen und beim Gebrauch der Schriftsprache. Dieser Leitsatz ist fester Bestandteil unseres F\u00f6rderkonzeptes. Unser Ziel ist es\u2026 Das Konzept stellt einen Handlungsrahmen dar, der mithilfe aller Beteiligten immer wieder neu gedacht und weiterentwickelt wird. [&hellip;]<\/p>\n","protected":false},"author":1,"featured_media":645,"parent":0,"menu_order":0,"comment_status":"closed","ping_status":"closed","template":"","meta":{"footnotes":""},"class_list":["post-633","page","type-page","status-publish","has-post-thumbnail","hentry"],"_links":{"self":[{"href":"https:\/\/eks-maintal.de\/home\/wp-json\/wp\/v2\/pages\/633","targetHints":{"allow":["GET"]}}],"collection":[{"href":"https:\/\/eks-maintal.de\/home\/wp-json\/wp\/v2\/pages"}],"about":[{"href":"https:\/\/eks-maintal.de\/home\/wp-json\/wp\/v2\/types\/page"}],"author":[{"embeddable":true,"href":"https:\/\/eks-maintal.de\/home\/wp-json\/wp\/v2\/users\/1"}],"replies":[{"embeddable":true,"href":"https:\/\/eks-maintal.de\/home\/wp-json\/wp\/v2\/comments?post=633"}],"version-history":[{"count":2,"href":"https:\/\/eks-maintal.de\/home\/wp-json\/wp\/v2\/pages\/633\/revisions"}],"predecessor-version":[{"id":648,"href":"https:\/\/eks-maintal.de\/home\/wp-json\/wp\/v2\/pages\/633\/revisions\/648"}],"wp:featuredmedia":[{"embeddable":true,"href":"https:\/\/eks-maintal.de\/home\/wp-json\/wp\/v2\/media\/645"}],"wp:attachment":[{"href":"https:\/\/eks-maintal.de\/home\/wp-json\/wp\/v2\/media?parent=633"}],"curies":[{"name":"wp","href":"https:\/\/api.w.org\/{rel}","templated":true}]}}